{"id":3249,"date":"2022-07-06T14:50:22","date_gmt":"2022-07-06T12:50:22","guid":{"rendered":"http:\/\/www.lctsrl.com\/grazie\/"},"modified":"2022-07-11T17:37:22","modified_gmt":"2022-07-11T15:37:22","slug":"multumesc","status":"publish","type":"page","link":"https:\/\/www.lctsrl.com\/ro\/multumesc\/","title":{"rendered":"Mul\u021bumesc"},"content":{"rendered":"\t\t<div data-elementor-type=\"wp-page\" data-elementor-id=\"3249\" class=\"elementor elementor-3249 elementor-3219\" data-elementor-settings=\"[]\">\r\n\t\t\t\t\t\t\t<div class=\"elementor-section-wrap\">\r\n\t\t\t\t\t\t\t<section class=\"elementor-section elementor-top-section elementor-element elementor-element-4e6029c elementor-section-full_width elementor-section-content-middle elementor-section-height-default elementor-section-height-default\" data-id=\"4e6029c\" data-element_type=\"section\" data-settings=\"{&quot;_ha_eqh_enable&quot;:false}\">\r\n\t\t\t\t\t\t<div class=\"elementor-container elementor-column-gap-default\">\r\n\t\t\t\t\t<div class=\"elementor-column elementor-col-100 elementor-top-column elementor-element elementor-element-e0a056d\" data-id=\"e0a056d\" data-element_type=\"column\">\r\n\t\t\t<div class=\"elementor-widget-wrap elementor-element-populated\">\r\n\t\t\t\t\t\t\t\t<div class=\"elementor-element elementor-element-9c5b1a6 elementor-widget elementor-widget-image\" data-id=\"9c5b1a6\" data-element_type=\"widget\" data-widget_type=\"image.default\">\r\n\t\t\t\t<div class=\"elementor-widget-container\">\r\n\t\t\t<style>\/*! elementor - v3.5.4 - 23-01-2022 *\/\n.elementor-widget-image{text-align:center}.elementor-widget-image a{display:inline-block}.elementor-widget-image a img[src$=\".svg\"]{width:48px}.elementor-widget-image img{vertical-align:middle;display:inline-block}<\/style>\t\t\t\t\t\t\t\t\t\t\t\t<img loading=\"lazy\" decoding=\"async\" width=\"300\" height=\"206\" src=\"https:\/\/www.lctsrl.com\/wp-content\/uploads\/2022\/02\/logo_LCT_min-300x206.png\" class=\"attachment-medium size-medium\" alt=\"\" srcset=\"https:\/\/www.lctsrl.com\/wp-content\/uploads\/2022\/02\/logo_LCT_min-300x206.png 300w, https:\/\/www.lctsrl.com\/wp-content\/uploads\/2022\/02\/logo_LCT_min.png 320w\" sizes=\"auto, (max-width: 300px) 100vw, 300px\" \/>\t\t\t\t\t\t\t\t\t\t\t\t\t\t\t<\/div>\r\n\t\t\t\t<\/div>\r\n\t\t\t\t<div class=\"elementor-element elementor-element-bde1ee7 elementor-widget elementor-widget-heading\" data-id=\"bde1ee7\" data-element_type=\"widget\" data-widget_type=\"heading.default\">\r\n\t\t\t\t<div class=\"elementor-widget-container\">\r\n\t\t\t<style>\/*! elementor - v3.5.4 - 23-01-2022 *\/\n.elementor-heading-title{padding:0;margin:0;line-height:1}.elementor-widget-heading .elementor-heading-title[class*=elementor-size-]>a{color:inherit;font-size:inherit;line-height:inherit}.elementor-widget-heading .elementor-heading-title.elementor-size-small{font-size:15px}.elementor-widget-heading .elementor-heading-title.elementor-size-medium{font-size:19px}.elementor-widget-heading .elementor-heading-title.elementor-size-large{font-size:29px}.elementor-widget-heading .elementor-heading-title.elementor-size-xl{font-size:39px}.elementor-widget-heading .elementor-heading-title.elementor-size-xxl{font-size:59px}<\/style><h2 class=\"elementor-heading-title elementor-size-default\">Multumesc mesaj trimis!<\/h2>\t\t<\/div>\r\n\t\t\t\t<\/div>\r\n\t\t\t\t<div class=\"elementor-element elementor-element-903ec24 elementor-widget elementor-widget-heading\" data-id=\"903ec24\" data-element_type=\"widget\" data-widget_type=\"heading.default\">\r\n\t\t\t\t<div class=\"elementor-widget-container\">\r\n\t\t\t<p class=\"elementor-heading-title elementor-size-default\">Personalul nostru v\u0103 va contacta c\u00e2t mai cur\u00e2nd posibil pentru a v\u0103 oferi un r\u0103spuns.<\/p>\t\t<\/div>\r\n\t\t\t\t<\/div>\r\n\t\t\t\t<div class=\"elementor-element elementor-element-9980854 elementor-widget elementor-widget-ha-creative-button happy-addon ha-creative-button\" data-id=\"9980854\" data-element_type=\"widget\" data-widget_type=\"ha-creative-button.default\">\r\n\t\t\t\t<div class=\"elementor-widget-container\">\r\n\t\t\t\t\t<div data-magnetic=\"no\" class=\"ha-creative-btn-wrap\">\r\n\t\t\t<a class=\"ha-creative-btn ha-stl--montino ha-eft--aylen\" href=\"https:\/\/www.lctsrl.com\/ro\/\" rel=\"nofollow\">\u00cenapoi la pagina de start<\/a>\r\n\t\t<\/div>\t\t<\/div>\r\n\t\t\t\t<\/div>\r\n\t\t\t\t\t<\/div>\r\n\t\t<\/div>\r\n\t\t\t\t\t\t\t<\/div>\r\n\t\t<\/section>\r\n\t\t\t\t\t\t<\/div>\r\n\t\t\t\t\t<\/div>\r\n\t\t","protected":false},"excerpt":{"rendered":"<p>Multumesc mesaj trimis! Personalul nostru v\u0103 va contacta c\u00e2t mai cur\u00e2nd posibil pentru a v\u0103 oferi un r\u0103spuns. \u00cenapoi la pagina de start<\/p>\n","protected":false},"author":1,"featured_media":0,"parent":0,"menu_order":0,"comment_status":"closed","ping_status":"closed","template":"elementor_header_footer","meta":{"footnotes":""},"class_list":["post-3249","page","type-page","status-publish","hentry"],"yoast_head":"<!-- This site is optimized with the Yoast SEO plugin v19.1 - https:\/\/yoast.com\/wordpress\/plugins\/seo\/ -->\n<title>Mul\u021bumesc - LCT<\/title>\n<meta name=\"robots\" content=\"index, follow, max-snippet:-1, max-image-preview:large, max-video-preview:-1\" \/>\n<link rel=\"canonical\" href=\"https:\/\/www.lctsrl.com\/ro\/multumesc\/\" \/>\n<meta property=\"og:locale\" content=\"ro_RO\" \/>\n<meta property=\"og:type\" content=\"article\" \/>\n<meta property=\"og:title\" content=\"Mul\u021bumesc - LCT\" \/>\n<meta property=\"og:description\" content=\"Multumesc mesaj trimis! Personalul nostru v\u0103 va contacta c\u00e2t mai cur\u00e2nd posibil pentru a v\u0103 oferi un r\u0103spuns. \u00cenapoi la pagina de start\" \/>\n<meta property=\"og:url\" content=\"https:\/\/www.lctsrl.com\/ro\/multumesc\/\" \/>\n<meta property=\"og:site_name\" content=\"LCT\" \/>\n<meta property=\"article:modified_time\" content=\"2022-07-11T15:37:22+00:00\" \/>\n<meta property=\"og:image\" content=\"http:\/\/www.lctsrl.com\/wp-content\/uploads\/2022\/02\/logo_LCT_min-300x206.png\" \/>\n<meta name=\"twitter:card\" content=\"summary_large_image\" \/>\n<meta name=\"twitter:label1\" content=\"Timp estimat pentru citire\" \/>\n\t<meta name=\"twitter:data1\" content=\"1 minut\" \/>\n<script type=\"application\/ld+json\" class=\"yoast-schema-graph\">{\"@context\":\"https:\/\/schema.org\",\"@graph\":[{\"@type\":\"Organization\",\"@id\":\"https:\/\/www.lctsrl.com\/#organization\",\"name\":\"LCT srl\",\"url\":\"https:\/\/www.lctsrl.com\/\",\"sameAs\":[],\"logo\":{\"@type\":\"ImageObject\",\"inLanguage\":\"ro-RO\",\"@id\":\"https:\/\/www.lctsrl.com\/#\/schema\/logo\/image\/\",\"url\":\"http:\/\/www.lctsrl.com\/wp-content\/uploads\/2022\/02\/logo_LCT.png\",\"contentUrl\":\"http:\/\/www.lctsrl.com\/wp-content\/uploads\/2022\/02\/logo_LCT.png\",\"width\":360,\"height\":247,\"caption\":\"LCT srl\"},\"image\":{\"@id\":\"https:\/\/www.lctsrl.com\/#\/schema\/logo\/image\/\"}},{\"@type\":\"WebSite\",\"@id\":\"https:\/\/www.lctsrl.com\/#website\",\"url\":\"https:\/\/www.lctsrl.com\/\",\"name\":\"LCT\",\"description\":\"Trasporti internazionali\",\"publisher\":{\"@id\":\"https:\/\/www.lctsrl.com\/#organization\"},\"potentialAction\":[{\"@type\":\"SearchAction\",\"target\":{\"@type\":\"EntryPoint\",\"urlTemplate\":\"https:\/\/www.lctsrl.com\/?s={search_term_string}\"},\"query-input\":\"required name=search_term_string\"}],\"inLanguage\":\"ro-RO\"},{\"@type\":\"ImageObject\",\"inLanguage\":\"ro-RO\",\"@id\":\"https:\/\/www.lctsrl.com\/ro\/multumesc\/#primaryimage\",\"url\":\"http:\/\/www.lctsrl.com\/wp-content\/uploads\/2022\/02\/logo_LCT_min-300x206.png\",\"contentUrl\":\"http:\/\/www.lctsrl.com\/wp-content\/uploads\/2022\/02\/logo_LCT_min-300x206.png\"},{\"@type\":\"WebPage\",\"@id\":\"https:\/\/www.lctsrl.com\/ro\/multumesc\/#webpage\",\"url\":\"https:\/\/www.lctsrl.com\/ro\/multumesc\/\",\"name\":\"Mul\u021bumesc - LCT\",\"isPartOf\":{\"@id\":\"https:\/\/www.lctsrl.com\/#website\"},\"primaryImageOfPage\":{\"@id\":\"https:\/\/www.lctsrl.com\/ro\/multumesc\/#primaryimage\"},\"datePublished\":\"2022-07-06T12:50:22+00:00\",\"dateModified\":\"2022-07-11T15:37:22+00:00\",\"breadcrumb\":{\"@id\":\"https:\/\/www.lctsrl.com\/ro\/multumesc\/#breadcrumb\"},\"inLanguage\":\"ro-RO\",\"potentialAction\":[{\"@type\":\"ReadAction\",\"target\":[\"https:\/\/www.lctsrl.com\/ro\/multumesc\/\"]}]},{\"@type\":\"BreadcrumbList\",\"@id\":\"https:\/\/www.lctsrl.com\/ro\/multumesc\/#breadcrumb\",\"itemListElement\":[{\"@type\":\"ListItem\",\"position\":1,\"name\":\"Home\",\"item\":\"https:\/\/www.lctsrl.com\/ro\/\"},{\"@type\":\"ListItem\",\"position\":2,\"name\":\"Mul\u021bumesc\"}]}]}<\/script>\n<!-- \/ Yoast SEO plugin. -->","yoast_head_json":{"title":"Mul\u021bumesc - LCT","robots":{"index":"index","follow":"follow","max-snippet":"max-snippet:-1","max-image-preview":"max-image-preview:large","max-video-preview":"max-video-preview:-1"},"canonical":"https:\/\/www.lctsrl.com\/ro\/multumesc\/","og_locale":"ro_RO","og_type":"article","og_title":"Mul\u021bumesc - LCT","og_description":"Multumesc mesaj trimis! Personalul nostru v\u0103 va contacta c\u00e2t mai cur\u00e2nd posibil pentru a v\u0103 oferi un r\u0103spuns. \u00cenapoi la pagina de start","og_url":"https:\/\/www.lctsrl.com\/ro\/multumesc\/","og_site_name":"LCT","article_modified_time":"2022-07-11T15:37:22+00:00","og_image":[{"url":"http:\/\/www.lctsrl.com\/wp-content\/uploads\/2022\/02\/logo_LCT_min-300x206.png"}],"twitter_card":"summary_large_image","twitter_misc":{"Timp estimat pentru citire":"1 minut"},"schema":{"@context":"https:\/\/schema.org","@graph":[{"@type":"Organization","@id":"https:\/\/www.lctsrl.com\/#organization","name":"LCT srl","url":"https:\/\/www.lctsrl.com\/","sameAs":[],"logo":{"@type":"ImageObject","inLanguage":"ro-RO","@id":"https:\/\/www.lctsrl.com\/#\/schema\/logo\/image\/","url":"http:\/\/www.lctsrl.com\/wp-content\/uploads\/2022\/02\/logo_LCT.png","contentUrl":"http:\/\/www.lctsrl.com\/wp-content\/uploads\/2022\/02\/logo_LCT.png","width":360,"height":247,"caption":"LCT srl"},"image":{"@id":"https:\/\/www.lctsrl.com\/#\/schema\/logo\/image\/"}},{"@type":"WebSite","@id":"https:\/\/www.lctsrl.com\/#website","url":"https:\/\/www.lctsrl.com\/","name":"LCT","description":"Trasporti internazionali","publisher":{"@id":"https:\/\/www.lctsrl.com\/#organization"},"potentialAction":[{"@type":"SearchAction","target":{"@type":"EntryPoint","urlTemplate":"https:\/\/www.lctsrl.com\/?s={search_term_string}"},"query-input":"required name=search_term_string"}],"inLanguage":"ro-RO"},{"@type":"ImageObject","inLanguage":"ro-RO","@id":"https:\/\/www.lctsrl.com\/ro\/multumesc\/#primaryimage","url":"http:\/\/www.lctsrl.com\/wp-content\/uploads\/2022\/02\/logo_LCT_min-300x206.png","contentUrl":"http:\/\/www.lctsrl.com\/wp-content\/uploads\/2022\/02\/logo_LCT_min-300x206.png"},{"@type":"WebPage","@id":"https:\/\/www.lctsrl.com\/ro\/multumesc\/#webpage","url":"https:\/\/www.lctsrl.com\/ro\/multumesc\/","name":"Mul\u021bumesc - LCT","isPartOf":{"@id":"https:\/\/www.lctsrl.com\/#website"},"primaryImageOfPage":{"@id":"https:\/\/www.lctsrl.com\/ro\/multumesc\/#primaryimage"},"datePublished":"2022-07-06T12:50:22+00:00","dateModified":"2022-07-11T15:37:22+00:00","breadcrumb":{"@id":"https:\/\/www.lctsrl.com\/ro\/multumesc\/#breadcrumb"},"inLanguage":"ro-RO","potentialAction":[{"@type":"ReadAction","target":["https:\/\/www.lctsrl.com\/ro\/multumesc\/"]}]},{"@type":"BreadcrumbList","@id":"https:\/\/www.lctsrl.com\/ro\/multumesc\/#breadcrumb","itemListElement":[{"@type":"ListItem","position":1,"name":"Home","item":"https:\/\/www.lctsrl.com\/ro\/"},{"@type":"ListItem","position":2,"name":"Mul\u021bumesc"}]}]}},"_links":{"self":[{"href":"https:\/\/www.lctsrl.com\/ro\/wp-json\/wp\/v2\/pages\/3249","targetHints":{"allow":["GET"]}}],"collection":[{"href":"https:\/\/www.lctsrl.com\/ro\/wp-json\/wp\/v2\/pages"}],"about":[{"href":"https:\/\/www.lctsrl.com\/ro\/wp-json\/wp\/v2\/types\/page"}],"author":[{"embeddable":true,"href":"https:\/\/www.lctsrl.com\/ro\/wp-json\/wp\/v2\/users\/1"}],"replies":[{"embeddable":true,"href":"https:\/\/www.lctsrl.com\/ro\/wp-json\/wp\/v2\/comments?post=3249"}],"version-history":[{"count":4,"href":"https:\/\/www.lctsrl.com\/ro\/wp-json\/wp\/v2\/pages\/3249\/revisions"}],"predecessor-version":[{"id":3260,"href":"https:\/\/www.lctsrl.com\/ro\/wp-json\/wp\/v2\/pages\/3249\/revisions\/3260"}],"wp:attachment":[{"href":"https:\/\/www.lctsrl.com\/ro\/wp-json\/wp\/v2\/media?parent=3249"}],"curies":[{"name":"wp","href":"https:\/\/api.w.org\/{rel}","templated":true}]}}