{"id":2934,"date":"2021-06-16T15:52:40","date_gmt":"2021-06-16T13:52:40","guid":{"rendered":"http:\/\/www.lctsrl.com\/?page_id=2934"},"modified":"2025-11-11T15:11:56","modified_gmt":"2025-11-11T14:11:56","slug":"societatea","status":"publish","type":"page","link":"https:\/\/www.lctsrl.com\/ro\/societatea\/","title":{"rendered":"SOCIETATEA"},"content":{"rendered":"\t\t<div data-elementor-type=\"wp-page\" data-elementor-id=\"2934\" class=\"elementor elementor-2934 elementor-30\" data-elementor-settings=\"[]\">\r\n\t\t\t\t\t\t\t<div class=\"elementor-section-wrap\">\r\n\t\t\t\t\t\t\t<section class=\"elementor-section elementor-top-section elementor-element elementor-element-5d05fb01 elementor-section-boxed elementor-section-height-default elementor-section-height-default\" data-id=\"5d05fb01\" data-element_type=\"section\" data-settings=\"{&quot;_ha_eqh_enable&quot;:false}\">\r\n\t\t\t\t\t\t<div class=\"elementor-container elementor-column-gap-default\">\r\n\t\t\t\t\t<div class=\"elementor-column elementor-col-100 elementor-top-column elementor-element elementor-element-35d7dd38\" data-id=\"35d7dd38\" data-element_type=\"column\">\r\n\t\t\t<div class=\"elementor-widget-wrap elementor-element-populated\">\r\n\t\t\t\t\t\t\t\t<div class=\"elementor-element elementor-element-401b6c5 elementor-widget elementor-widget-heading\" data-id=\"401b6c5\" data-element_type=\"widget\" data-widget_type=\"heading.default\">\r\n\t\t\t\t<div class=\"elementor-widget-container\">\r\n\t\t\t<style>\/*! elementor - v3.5.4 - 23-01-2022 *\/\n.elementor-heading-title{padding:0;margin:0;line-height:1}.elementor-widget-heading .elementor-heading-title[class*=elementor-size-]>a{color:inherit;font-size:inherit;line-height:inherit}.elementor-widget-heading .elementor-heading-title.elementor-size-small{font-size:15px}.elementor-widget-heading .elementor-heading-title.elementor-size-medium{font-size:19px}.elementor-widget-heading .elementor-heading-title.elementor-size-large{font-size:29px}.elementor-widget-heading .elementor-heading-title.elementor-size-xl{font-size:39px}.elementor-widget-heading .elementor-heading-title.elementor-size-xxl{font-size:59px}<\/style><h1 class=\"elementor-heading-title elementor-size-default\">LCT Cel mai bun partener pentru servicii de transport cu cortin\u0103 at\u00e2t na\u021bionale c\u00e2t \u0219i interna\u021bionale pentru ter\u021bi<\/h1>\t\t<\/div>\r\n\t\t\t\t<\/div>\r\n\t\t\t\t\t<\/div>\r\n\t\t<\/div>\r\n\t\t\t\t\t\t\t<\/div>\r\n\t\t<\/section>\r\n\t\t\t\t<section class=\"elementor-section elementor-top-section elementor-element elementor-element-e050b4d elementor-section-boxed elementor-section-height-default elementor-section-height-default\" data-id=\"e050b4d\" data-element_type=\"section\" data-settings=\"{&quot;_ha_eqh_enable&quot;:false}\">\r\n\t\t\t\t\t\t<div class=\"elementor-container elementor-column-gap-default\">\r\n\t\t\t\t\t<div class=\"elementor-column elementor-col-50 elementor-top-column elementor-element elementor-element-c3a78ea\" data-id=\"c3a78ea\" data-element_type=\"column\">\r\n\t\t\t<div class=\"elementor-widget-wrap elementor-element-populated\">\r\n\t\t\t\t\t\t\t\t<div class=\"elementor-element elementor-element-c89a67e elementor-widget elementor-widget-heading\" data-id=\"c89a67e\" data-element_type=\"widget\" data-widget_type=\"heading.default\">\r\n\t\t\t\t<div class=\"elementor-widget-container\">\r\n\t\t\t<h2 class=\"elementor-heading-title elementor-size-default\">Compania de transport rutier de marf\u0103<\/h2>\t\t<\/div>\r\n\t\t\t\t<\/div>\r\n\t\t\t\t<div class=\"elementor-element elementor-element-669dcca elementor-widget elementor-widget-text-editor\" data-id=\"669dcca\" data-element_type=\"widget\" data-widget_type=\"text-editor.default\">\r\n\t\t\t\t<div class=\"elementor-widget-container\">\r\n\t\t\t<style>\/*! elementor - v3.5.4 - 23-01-2022 *\/\n.elementor-widget-text-editor.elementor-drop-cap-view-stacked .elementor-drop-cap{background-color:#818a91;color:#fff}.elementor-widget-text-editor.elementor-drop-cap-view-framed .elementor-drop-cap{color:#818a91;border:3px solid;background-color:transparent}.elementor-widget-text-editor:not(.elementor-drop-cap-view-default) .elementor-drop-cap{margin-top:8px}.elementor-widget-text-editor:not(.elementor-drop-cap-view-default) .elementor-drop-cap-letter{width:1em;height:1em}.elementor-widget-text-editor .elementor-drop-cap{float:left;text-align:center;line-height:1;font-size:50px}.elementor-widget-text-editor .elementor-drop-cap-letter{display:inline-block}<\/style>\t\t\t\t<p>Compania a fost \u00eenfiin\u021bat\u0103 \u00een anul 2008 de c\u0103tre familia Forlivesi cu obiectivul de a oferi clien\u021bilor un serviciu de transport rutier de marf\u0103 pentru ter\u021bi punctual \u0219i \u00eentotdeauna de \u00eencredere.<\/p><p>Filozofia companiei a dus \u00een cur\u00e2nd grupul la o cre\u0219tere rapid\u0103, iar ast\u0103zi LCT &#8211; condus\u0103 de c\u0103tre a doua genera\u021bie, fiii Alessandro \u0219i Federica &#8211; reprezint\u0103 un punct de referin\u021b\u0103 solid pentru transporturile de m\u0103rfuri din Italia \u00eenspre Fran\u021ba \u0219i invers, reu\u0219ind s\u0103 acopere nevoile clien\u021bilor din nordul Italiei p\u00e2n\u0103 la \u00eentreg teritoriul francez.<\/p><p>LCT este con\u0219tient\u0103 c\u0103 succesul pe pia\u021b\u0103 al unei companii este rezultatul alegerilor pe care le face, calitatea trebuie cucerit\u0103 \u0219i men\u021binut\u0103 zi de zi. De aceea verific\u0103m \u00een mod constant respectarea procedurilor opera\u021bionale \u0219i func\u021bionarea corect\u0103 a tuturor sistemelor de control.<\/p>\t\t\t\t\t\t<\/div>\r\n\t\t\t\t<\/div>\r\n\t\t\t\t\t<\/div>\r\n\t\t<\/div>\r\n\t\t\t\t<div class=\"elementor-column elementor-col-50 elementor-top-column elementor-element elementor-element-8588d65\" data-id=\"8588d65\" data-element_type=\"column\">\r\n\t\t\t<div class=\"elementor-widget-wrap elementor-element-populated\">\r\n\t\t\t\t\t\t\t\t<div class=\"elementor-element elementor-element-740af12 elementor-invisible elementor-widget elementor-widget-image\" data-id=\"740af12\" data-element_type=\"widget\" data-settings=\"{&quot;_animation&quot;:&quot;fadeInRight&quot;}\" data-widget_type=\"image.default\">\r\n\t\t\t\t<div class=\"elementor-widget-container\">\r\n\t\t\t<style>\/*! elementor - v3.5.4 - 23-01-2022 *\/\n.elementor-widget-image{text-align:center}.elementor-widget-image a{display:inline-block}.elementor-widget-image a img[src$=\".svg\"]{width:48px}.elementor-widget-image img{vertical-align:middle;display:inline-block}<\/style>\t\t\t\t\t\t\t\t\t\t\t\t<img decoding=\"async\" src=\"https:\/\/www.lctsrl.com\/wp-content\/uploads\/elementor\/thumbs\/foto-forlivesi-prlso6r14bj6s8xy4q1elclq8k4q17aifstb91r1zi.jpg\" title=\"trasporto merci su gomma LCT\" alt=\"trasporto merci su gomma LCT\" class=\"elementor-animation-grow\" \/>\t\t\t\t\t\t\t\t\t\t\t\t\t\t\t<\/div>\r\n\t\t\t\t<\/div>\r\n\t\t\t\t\t<\/div>\r\n\t\t<\/div>\r\n\t\t\t\t\t\t\t<\/div>\r\n\t\t<\/section>\r\n\t\t\t\t<section class=\"elementor-section elementor-top-section elementor-element elementor-element-1c2a3537 elementor-reverse-tablet elementor-reverse-mobile elementor-section-stretched elementor-section-boxed elementor-section-height-default elementor-section-height-default\" data-id=\"1c2a3537\" data-element_type=\"section\" data-settings=\"{&quot;stretch_section&quot;:&quot;section-stretched&quot;,&quot;background_background&quot;:&quot;classic&quot;,&quot;_ha_eqh_enable&quot;:false}\">\r\n\t\t\t\t\t\t<div class=\"elementor-container elementor-column-gap-default\">\r\n\t\t\t\t\t<div class=\"elementor-column elementor-col-100 elementor-top-column elementor-element elementor-element-d1e3b3c\" data-id=\"d1e3b3c\" data-element_type=\"column\">\r\n\t\t\t<div class=\"elementor-widget-wrap elementor-element-populated\">\r\n\t\t\t\t\t\t\t\t<div class=\"elementor-element elementor-element-a978828 elementor-widget elementor-widget-text-editor\" data-id=\"a978828\" data-element_type=\"widget\" data-widget_type=\"text-editor.default\">\r\n\t\t\t\t<div class=\"elementor-widget-container\">\r\n\t\t\t\t\t\t\t<h4 style=\"font-weight: 800;\">Selec\u021bia \u0219i formarea personalului sunt priorit\u0103\u021bi de v\u00e2rf \u0219i sunt efectuate cu maxim\u0103 seriozitate.<\/h4><p>Dac\u0103 dori\u021bi s\u0103 lucra\u021bi cu noi, <a href=\"\/ro\/lucreaza-cu-noi\/\">candida\u021bi-v\u0103 pe Transport de Marf\u0103 Lucreaz\u0103 cu noi<\/a><\/p><p>Dorin\u021ba de a anticipa nevoile clien\u021bilor privind mereu spre viitor a determinat compania s\u0103 dezvolte sisteme de transport maritim \u0219i de transport de marf\u0103 din ce \u00een ce mai competitive, pe zi ce trece mai bogate \u00een con\u021binut \u0219i servicii ad\u0103ugate.<\/p><p>Sediul principal este \u00een Forl\u00ec (FC), iar pentru a r\u0103spunde mai bine cerin\u021belor numero\u0219ilor clien\u021bi \u0219i furnizori, am deschis dou\u0103 sucursale, respectiv \u00een Fran\u021ba, la Menton \u0219i \u00een Rom\u00e2nia, la One\u0219ti.<\/p>\t\t\t\t\t\t<\/div>\r\n\t\t\t\t<\/div>\r\n\t\t\t\t\t<\/div>\r\n\t\t<\/div>\r\n\t\t\t\t\t\t\t<\/div>\r\n\t\t<\/section>\r\n\t\t\t\t<section class=\"elementor-section elementor-top-section elementor-element elementor-element-1587ace8 elementor-reverse-tablet elementor-reverse-mobile elementor-section-stretched elementor-section-boxed elementor-section-height-default elementor-section-height-default\" data-id=\"1587ace8\" data-element_type=\"section\" data-settings=\"{&quot;stretch_section&quot;:&quot;section-stretched&quot;,&quot;background_background&quot;:&quot;classic&quot;,&quot;_ha_eqh_enable&quot;:false}\">\r\n\t\t\t\t\t\t<div class=\"elementor-container elementor-column-gap-default\">\r\n\t\t\t\t\t<div class=\"elementor-column elementor-col-100 elementor-top-column elementor-element elementor-element-66c3da73\" data-id=\"66c3da73\" data-element_type=\"column\">\r\n\t\t\t<div class=\"elementor-widget-wrap elementor-element-populated\">\r\n\t\t\t\t\t\t\t\t<div class=\"elementor-element elementor-element-7d5615c1 elementor-widget elementor-widget-heading\" data-id=\"7d5615c1\" data-element_type=\"widget\" data-widget_type=\"heading.default\">\r\n\t\t\t\t<div class=\"elementor-widget-container\">\r\n\t\t\t<h3 class=\"elementor-heading-title elementor-size-default\">Ce se spune despre noi<\/h3>\t\t<\/div>\r\n\t\t\t\t<\/div>\r\n\t\t\t\t<div class=\"elementor-element elementor-element-32cbdc8a elementor-widget elementor-widget-heading\" data-id=\"32cbdc8a\" data-element_type=\"widget\" data-widget_type=\"heading.default\">\r\n\t\t\t\t<div class=\"elementor-widget-container\">\r\n\t\t\t<h4 class=\"elementor-heading-title elementor-size-default\">Il Sole24ore<\/h4>\t\t<\/div>\r\n\t\t\t\t<\/div>\r\n\t\t\t\t<div class=\"elementor-element elementor-element-3b350dbb elementor-widget elementor-widget-image\" data-id=\"3b350dbb\" data-element_type=\"widget\" data-widget_type=\"image.default\">\r\n\t\t\t\t<div class=\"elementor-widget-container\">\r\n\t\t\t\t\t\t\t\t\t\t\t\t\t\t\t\t<a href=\"https:\/\/www.lctsrl.com\/wp-content\/uploads\/2025\/11\/trafiletto_lct_ilsole24ore_conv.webp\" data-elementor-open-lightbox=\"yes\" data-elementor-lightbox-title=\"trafiletto_lct_ilsole24ore_conv\">\r\n\t\t\t\t\t\t\t<img loading=\"lazy\" decoding=\"async\" width=\"438\" height=\"399\" src=\"https:\/\/www.lctsrl.com\/wp-content\/uploads\/2025\/11\/trafiletto_lct_ilsole24ore_conv.webp\" class=\"attachment-full size-full\" alt=\"\" srcset=\"https:\/\/www.lctsrl.com\/wp-content\/uploads\/2025\/11\/trafiletto_lct_ilsole24ore_conv.webp 438w, https:\/\/www.lctsrl.com\/wp-content\/uploads\/2025\/11\/trafiletto_lct_ilsole24ore_conv-300x273.webp 300w\" sizes=\"auto, (max-width: 438px) 100vw, 438px\" \/>\t\t\t\t\t\t\t\t<\/a>\r\n\t\t\t\t\t\t\t\t\t\t\t\t\t\t\t<\/div>\r\n\t\t\t\t<\/div>\r\n\t\t\t\t\t<\/div>\r\n\t\t<\/div>\r\n\t\t\t\t\t\t\t<\/div>\r\n\t\t<\/section>\r\n\t\t\t\t<section class=\"elementor-section elementor-top-section elementor-element elementor-element-89bce65 elementor-section-stretched elementor-section-boxed elementor-section-height-default elementor-section-height-default\" data-id=\"89bce65\" data-element_type=\"section\" data-settings=\"{&quot;stretch_section&quot;:&quot;section-stretched&quot;,&quot;_ha_eqh_enable&quot;:false}\">\r\n\t\t\t\t\t\t\t<div class=\"elementor-background-overlay\"><\/div>\r\n\t\t\t\t\t\t\t<div class=\"elementor-container elementor-column-gap-default\">\r\n\t\t\t\t\t<div class=\"elementor-column elementor-col-100 elementor-top-column elementor-element elementor-element-49ba967\" data-id=\"49ba967\" data-element_type=\"column\">\r\n\t\t\t<div class=\"elementor-widget-wrap elementor-element-populated\">\r\n\t\t\t\t\t\t\t\t<div class=\"elementor-element elementor-element-fe01c84 elementor-widget elementor-widget-heading\" data-id=\"fe01c84\" data-element_type=\"widget\" data-widget_type=\"heading.default\">\r\n\t\t\t\t<div class=\"elementor-widget-container\">\r\n\t\t\t<h3 class=\"elementor-heading-title elementor-size-default\">Echipa noastr\u0103<\/h3>\t\t<\/div>\r\n\t\t\t\t<\/div>\r\n\t\t\t\t<div class=\"elementor-element elementor-element-1ad4655 elementor-invisible elementor-widget elementor-widget-image\" data-id=\"1ad4655\" data-element_type=\"widget\" data-settings=\"{&quot;_animation&quot;:&quot;fadeInUp&quot;}\" data-widget_type=\"image.default\">\r\n\t\t\t\t<div class=\"elementor-widget-container\">\r\n\t\t\t\t\t\t\t\t\t\t\t\t\t\t\t<img loading=\"lazy\" decoding=\"async\" width=\"1024\" height=\"768\" src=\"https:\/\/www.lctsrl.com\/wp-content\/uploads\/2022\/02\/foto-dipendenti-1024x768.jpg\" class=\"elementor-animation-grow attachment-large size-large\" alt=\"trasporto merci su gomma LCT\" srcset=\"https:\/\/www.lctsrl.com\/wp-content\/uploads\/2022\/02\/foto-dipendenti-1024x768.jpg 1024w, https:\/\/www.lctsrl.com\/wp-content\/uploads\/2022\/02\/foto-dipendenti-300x225.jpg 300w, https:\/\/www.lctsrl.com\/wp-content\/uploads\/2022\/02\/foto-dipendenti-768x576.jpg 768w, https:\/\/www.lctsrl.com\/wp-content\/uploads\/2022\/02\/foto-dipendenti-1536x1152.jpg 1536w, https:\/\/www.lctsrl.com\/wp-content\/uploads\/2022\/02\/foto-dipendenti-600x450.jpg 600w, https:\/\/www.lctsrl.com\/wp-content\/uploads\/2022\/02\/foto-dipendenti.jpg 1984w\" sizes=\"auto, (max-width: 1024px) 100vw, 1024px\" \/>\t\t\t\t\t\t\t\t\t\t\t\t\t\t\t<\/div>\r\n\t\t\t\t<\/div>\r\n\t\t\t\t\t<\/div>\r\n\t\t<\/div>\r\n\t\t\t\t\t\t\t<\/div>\r\n\t\t<\/section>\r\n\t\t\t\t\t\t<\/div>\r\n\t\t\t\t\t<\/div>\r\n\t\t","protected":false},"excerpt":{"rendered":"<p>LCT Cel mai bun partener pentru servicii de transport cu cortin\u0103 at\u00e2t na\u021bionale c\u00e2t \u0219i interna\u021bionale pentru ter\u021bi Compania de transport rutier de marf\u0103 Compania a fost \u00eenfiin\u021bat\u0103 \u00een anul 2008 de c\u0103tre familia Forlivesi cu obiectivul de a oferi clien\u021bilor un serviciu de transport rutier de marf\u0103 pentru ter\u021bi punctual \u0219i \u00eentotdeauna de \u00eencredere. [&hellip;]<\/p>\n","protected":false},"author":1,"featured_media":0,"parent":0,"menu_order":0,"comment_status":"closed","ping_status":"closed","template":"","meta":{"footnotes":""},"class_list":["post-2934","page","type-page","status-publish","hentry"],"yoast_head":"<!-- This site is optimized with the Yoast SEO plugin v19.1 - https:\/\/yoast.com\/wordpress\/plugins\/seo\/ -->\n<title>SOCIETATEA - LCT<\/title>\n<meta name=\"robots\" content=\"index, follow, max-snippet:-1, max-image-preview:large, max-video-preview:-1\" \/>\n<link rel=\"canonical\" href=\"https:\/\/www.lctsrl.com\/fr\/transport-de-marchandises-par-route\/\" \/>\n<meta property=\"og:locale\" content=\"ro_RO\" \/>\n<meta property=\"og:type\" content=\"article\" \/>\n<meta property=\"og:title\" content=\"SOCIETATEA - LCT\" \/>\n<meta property=\"og:description\" content=\"LCT Cel mai bun partener pentru servicii de transport cu cortin\u0103 at\u00e2t na\u021bionale c\u00e2t \u0219i interna\u021bionale pentru ter\u021bi Compania de transport rutier de marf\u0103 Compania a fost \u00eenfiin\u021bat\u0103 \u00een anul 2008 de c\u0103tre familia Forlivesi cu obiectivul de a oferi clien\u021bilor un serviciu de transport rutier de marf\u0103 pentru ter\u021bi punctual \u0219i \u00eentotdeauna de \u00eencredere. [&hellip;]\" \/>\n<meta property=\"og:url\" content=\"https:\/\/www.lctsrl.com\/fr\/transport-de-marchandises-par-route\/\" \/>\n<meta property=\"og:site_name\" content=\"LCT\" \/>\n<meta property=\"article:modified_time\" content=\"2025-11-11T14:11:56+00:00\" \/>\n<meta property=\"og:image\" content=\"https:\/\/www.lctsrl.com\/wp-content\/uploads\/elementor\/thumbs\/foto-forlivesi-prlso6r14bj6s8xy4q1elclq8k4q17aifstb91r1zi.jpg\" \/>\n<meta name=\"twitter:card\" content=\"summary_large_image\" \/>\n<meta name=\"twitter:label1\" content=\"Timp estimat pentru citire\" \/>\n\t<meta name=\"twitter:data1\" content=\"2 minute\" \/>\n<script type=\"application\/ld+json\" class=\"yoast-schema-graph\">{\"@context\":\"https:\/\/schema.org\",\"@graph\":[{\"@type\":\"Organization\",\"@id\":\"https:\/\/www.lctsrl.com\/#organization\",\"name\":\"LCT srl\",\"url\":\"https:\/\/www.lctsrl.com\/\",\"sameAs\":[],\"logo\":{\"@type\":\"ImageObject\",\"inLanguage\":\"ro-RO\",\"@id\":\"https:\/\/www.lctsrl.com\/#\/schema\/logo\/image\/\",\"url\":\"http:\/\/www.lctsrl.com\/wp-content\/uploads\/2022\/02\/logo_LCT.png\",\"contentUrl\":\"http:\/\/www.lctsrl.com\/wp-content\/uploads\/2022\/02\/logo_LCT.png\",\"width\":360,\"height\":247,\"caption\":\"LCT srl\"},\"image\":{\"@id\":\"https:\/\/www.lctsrl.com\/#\/schema\/logo\/image\/\"}},{\"@type\":\"WebSite\",\"@id\":\"https:\/\/www.lctsrl.com\/#website\",\"url\":\"https:\/\/www.lctsrl.com\/\",\"name\":\"LCT\",\"description\":\"Trasporti internazionali\",\"publisher\":{\"@id\":\"https:\/\/www.lctsrl.com\/#organization\"},\"potentialAction\":[{\"@type\":\"SearchAction\",\"target\":{\"@type\":\"EntryPoint\",\"urlTemplate\":\"https:\/\/www.lctsrl.com\/?s={search_term_string}\"},\"query-input\":\"required name=search_term_string\"}],\"inLanguage\":\"ro-RO\"},{\"@type\":\"ImageObject\",\"inLanguage\":\"ro-RO\",\"@id\":\"https:\/\/www.lctsrl.com\/fr\/transport-de-marchandises-par-route\/#primaryimage\",\"url\":\"https:\/\/www.lctsrl.com\/wp-content\/uploads\/elementor\/thumbs\/foto-forlivesi-prlso6r14bj6s8xy4q1elclq8k4q17aifstb91r1zi.jpg\",\"contentUrl\":\"https:\/\/www.lctsrl.com\/wp-content\/uploads\/elementor\/thumbs\/foto-forlivesi-prlso6r14bj6s8xy4q1elclq8k4q17aifstb91r1zi.jpg\"},{\"@type\":\"WebPage\",\"@id\":\"https:\/\/www.lctsrl.com\/fr\/transport-de-marchandises-par-route\/#webpage\",\"url\":\"https:\/\/www.lctsrl.com\/fr\/transport-de-marchandises-par-route\/\",\"name\":\"SOCIETATEA - LCT\",\"isPartOf\":{\"@id\":\"https:\/\/www.lctsrl.com\/#website\"},\"primaryImageOfPage\":{\"@id\":\"https:\/\/www.lctsrl.com\/fr\/transport-de-marchandises-par-route\/#primaryimage\"},\"datePublished\":\"2021-06-16T13:52:40+00:00\",\"dateModified\":\"2025-11-11T14:11:56+00:00\",\"breadcrumb\":{\"@id\":\"https:\/\/www.lctsrl.com\/fr\/transport-de-marchandises-par-route\/#breadcrumb\"},\"inLanguage\":\"ro-RO\",\"potentialAction\":[{\"@type\":\"ReadAction\",\"target\":[\"https:\/\/www.lctsrl.com\/fr\/transport-de-marchandises-par-route\/\"]}]},{\"@type\":\"BreadcrumbList\",\"@id\":\"https:\/\/www.lctsrl.com\/fr\/transport-de-marchandises-par-route\/#breadcrumb\",\"itemListElement\":[{\"@type\":\"ListItem\",\"position\":1,\"name\":\"Home\",\"item\":\"https:\/\/www.lctsrl.com\/ro\/\"},{\"@type\":\"ListItem\",\"position\":2,\"name\":\"SOCIETATEA\"}]}]}<\/script>\n<!-- \/ Yoast SEO plugin. -->","yoast_head_json":{"title":"SOCIETATEA - LCT","robots":{"index":"index","follow":"follow","max-snippet":"max-snippet:-1","max-image-preview":"max-image-preview:large","max-video-preview":"max-video-preview:-1"},"canonical":"https:\/\/www.lctsrl.com\/fr\/transport-de-marchandises-par-route\/","og_locale":"ro_RO","og_type":"article","og_title":"SOCIETATEA - LCT","og_description":"LCT Cel mai bun partener pentru servicii de transport cu cortin\u0103 at\u00e2t na\u021bionale c\u00e2t \u0219i interna\u021bionale pentru ter\u021bi Compania de transport rutier de marf\u0103 Compania a fost \u00eenfiin\u021bat\u0103 \u00een anul 2008 de c\u0103tre familia Forlivesi cu obiectivul de a oferi clien\u021bilor un serviciu de transport rutier de marf\u0103 pentru ter\u021bi punctual \u0219i \u00eentotdeauna de \u00eencredere. [&hellip;]","og_url":"https:\/\/www.lctsrl.com\/fr\/transport-de-marchandises-par-route\/","og_site_name":"LCT","article_modified_time":"2025-11-11T14:11:56+00:00","og_image":[{"url":"https:\/\/www.lctsrl.com\/wp-content\/uploads\/elementor\/thumbs\/foto-forlivesi-prlso6r14bj6s8xy4q1elclq8k4q17aifstb91r1zi.jpg"}],"twitter_card":"summary_large_image","twitter_misc":{"Timp estimat pentru citire":"2 minute"},"schema":{"@context":"https:\/\/schema.org","@graph":[{"@type":"Organization","@id":"https:\/\/www.lctsrl.com\/#organization","name":"LCT srl","url":"https:\/\/www.lctsrl.com\/","sameAs":[],"logo":{"@type":"ImageObject","inLanguage":"ro-RO","@id":"https:\/\/www.lctsrl.com\/#\/schema\/logo\/image\/","url":"http:\/\/www.lctsrl.com\/wp-content\/uploads\/2022\/02\/logo_LCT.png","contentUrl":"http:\/\/www.lctsrl.com\/wp-content\/uploads\/2022\/02\/logo_LCT.png","width":360,"height":247,"caption":"LCT srl"},"image":{"@id":"https:\/\/www.lctsrl.com\/#\/schema\/logo\/image\/"}},{"@type":"WebSite","@id":"https:\/\/www.lctsrl.com\/#website","url":"https:\/\/www.lctsrl.com\/","name":"LCT","description":"Trasporti internazionali","publisher":{"@id":"https:\/\/www.lctsrl.com\/#organization"},"potentialAction":[{"@type":"SearchAction","target":{"@type":"EntryPoint","urlTemplate":"https:\/\/www.lctsrl.com\/?s={search_term_string}"},"query-input":"required name=search_term_string"}],"inLanguage":"ro-RO"},{"@type":"ImageObject","inLanguage":"ro-RO","@id":"https:\/\/www.lctsrl.com\/fr\/transport-de-marchandises-par-route\/#primaryimage","url":"https:\/\/www.lctsrl.com\/wp-content\/uploads\/elementor\/thumbs\/foto-forlivesi-prlso6r14bj6s8xy4q1elclq8k4q17aifstb91r1zi.jpg","contentUrl":"https:\/\/www.lctsrl.com\/wp-content\/uploads\/elementor\/thumbs\/foto-forlivesi-prlso6r14bj6s8xy4q1elclq8k4q17aifstb91r1zi.jpg"},{"@type":"WebPage","@id":"https:\/\/www.lctsrl.com\/fr\/transport-de-marchandises-par-route\/#webpage","url":"https:\/\/www.lctsrl.com\/fr\/transport-de-marchandises-par-route\/","name":"SOCIETATEA - LCT","isPartOf":{"@id":"https:\/\/www.lctsrl.com\/#website"},"primaryImageOfPage":{"@id":"https:\/\/www.lctsrl.com\/fr\/transport-de-marchandises-par-route\/#primaryimage"},"datePublished":"2021-06-16T13:52:40+00:00","dateModified":"2025-11-11T14:11:56+00:00","breadcrumb":{"@id":"https:\/\/www.lctsrl.com\/fr\/transport-de-marchandises-par-route\/#breadcrumb"},"inLanguage":"ro-RO","potentialAction":[{"@type":"ReadAction","target":["https:\/\/www.lctsrl.com\/fr\/transport-de-marchandises-par-route\/"]}]},{"@type":"BreadcrumbList","@id":"https:\/\/www.lctsrl.com\/fr\/transport-de-marchandises-par-route\/#breadcrumb","itemListElement":[{"@type":"ListItem","position":1,"name":"Home","item":"https:\/\/www.lctsrl.com\/ro\/"},{"@type":"ListItem","position":2,"name":"SOCIETATEA"}]}]}},"_links":{"self":[{"href":"https:\/\/www.lctsrl.com\/ro\/wp-json\/wp\/v2\/pages\/2934","targetHints":{"allow":["GET"]}}],"collection":[{"href":"https:\/\/www.lctsrl.com\/ro\/wp-json\/wp\/v2\/pages"}],"about":[{"href":"https:\/\/www.lctsrl.com\/ro\/wp-json\/wp\/v2\/types\/page"}],"author":[{"embeddable":true,"href":"https:\/\/www.lctsrl.com\/ro\/wp-json\/wp\/v2\/users\/1"}],"replies":[{"embeddable":true,"href":"https:\/\/www.lctsrl.com\/ro\/wp-json\/wp\/v2\/comments?post=2934"}],"version-history":[{"count":13,"href":"https:\/\/www.lctsrl.com\/ro\/wp-json\/wp\/v2\/pages\/2934\/revisions"}],"predecessor-version":[{"id":3335,"href":"https:\/\/www.lctsrl.com\/ro\/wp-json\/wp\/v2\/pages\/2934\/revisions\/3335"}],"wp:attachment":[{"href":"https:\/\/www.lctsrl.com\/ro\/wp-json\/wp\/v2\/media?parent=2934"}],"curies":[{"name":"wp","href":"https:\/\/api.w.org\/{rel}","templated":true}]}}