{"id":2898,"date":"2021-06-16T15:54:31","date_gmt":"2021-06-16T13:54:31","guid":{"rendered":"http:\/\/www.lctsrl.com\/?page_id=2898"},"modified":"2025-11-11T14:50:52","modified_gmt":"2025-11-11T13:50:52","slug":"contacts-et-bureaux","status":"publish","type":"page","link":"https:\/\/www.lctsrl.com\/fr\/contacts-et-bureaux\/","title":{"rendered":"Contacts"},"content":{"rendered":"\t\t<div data-elementor-type=\"wp-page\" data-elementor-id=\"2898\" class=\"elementor elementor-2898 elementor-42\" data-elementor-settings=\"[]\">\r\n\t\t\t\t\t\t\t<div class=\"elementor-section-wrap\">\r\n\t\t\t\t\t\t\t<section class=\"elementor-section elementor-top-section elementor-element elementor-element-223bd736 elementor-hidden-phone elementor-section-boxed elementor-section-height-default elementor-section-height-default\" data-id=\"223bd736\" data-element_type=\"section\" data-settings=\"{&quot;_ha_eqh_enable&quot;:false}\">\r\n\t\t\t\t\t\t\t<div class=\"elementor-background-overlay\"><\/div>\r\n\t\t\t\t\t\t\t<div class=\"elementor-container elementor-column-gap-default\">\r\n\t\t\t\t\t<div class=\"elementor-column elementor-col-33 elementor-top-column elementor-element elementor-element-7b9387f9\" data-id=\"7b9387f9\" data-element_type=\"column\">\r\n\t\t\t<div class=\"elementor-widget-wrap elementor-element-populated\">\r\n\t\t\t\t\t\t\t\t<div class=\"elementor-element elementor-element-20e04dbe elementor-hidden-mobile elementor-widget elementor-widget-heading\" data-id=\"20e04dbe\" data-element_type=\"widget\" data-widget_type=\"heading.default\">\r\n\t\t\t\t<div class=\"elementor-widget-container\">\r\n\t\t\t<style>\/*! elementor - v3.5.4 - 23-01-2022 *\/\n.elementor-heading-title{padding:0;margin:0;line-height:1}.elementor-widget-heading .elementor-heading-title[class*=elementor-size-]>a{color:inherit;font-size:inherit;line-height:inherit}.elementor-widget-heading .elementor-heading-title.elementor-size-small{font-size:15px}.elementor-widget-heading .elementor-heading-title.elementor-size-medium{font-size:19px}.elementor-widget-heading .elementor-heading-title.elementor-size-large{font-size:29px}.elementor-widget-heading .elementor-heading-title.elementor-size-xl{font-size:39px}.elementor-widget-heading .elementor-heading-title.elementor-size-xxl{font-size:59px}<\/style><h2 class=\"elementor-heading-title elementor-size-default\">Vous voulez plus d'informations?<\/h2>\t\t<\/div>\r\n\t\t\t\t<\/div>\r\n\t\t\t\t<div class=\"elementor-element elementor-element-e3a83b9 elementor-hidden-mobile elementor-widget elementor-widget-heading\" data-id=\"e3a83b9\" data-element_type=\"widget\" data-widget_type=\"heading.default\">\r\n\t\t\t\t<div class=\"elementor-widget-container\">\r\n\t\t\t<h2 class=\"elementor-heading-title elementor-size-default\">NOUS CONTACTER<\/h2>\t\t<\/div>\r\n\t\t\t\t<\/div>\r\n\t\t\t\t<div class=\"elementor-element elementor-element-8406f8a elementor-widget elementor-widget-heading\" data-id=\"8406f8a\" data-element_type=\"widget\" data-widget_type=\"heading.default\">\r\n\t\t\t\t<div class=\"elementor-widget-container\">\r\n\t\t\t<h4 class=\"elementor-heading-title elementor-size-default\">Bureau d'inscription<\/h4>\t\t<\/div>\r\n\t\t\t\t<\/div>\r\n\t\t\t\t<div class=\"elementor-element elementor-element-3efeb2e elementor-widget elementor-widget-text-editor\" data-id=\"3efeb2e\" data-element_type=\"widget\" data-widget_type=\"text-editor.default\">\r\n\t\t\t\t<div class=\"elementor-widget-container\">\r\n\t\t\t<style>\/*! elementor - v3.5.4 - 23-01-2022 *\/\n.elementor-widget-text-editor.elementor-drop-cap-view-stacked .elementor-drop-cap{background-color:#818a91;color:#fff}.elementor-widget-text-editor.elementor-drop-cap-view-framed .elementor-drop-cap{color:#818a91;border:3px solid;background-color:transparent}.elementor-widget-text-editor:not(.elementor-drop-cap-view-default) .elementor-drop-cap{margin-top:8px}.elementor-widget-text-editor:not(.elementor-drop-cap-view-default) .elementor-drop-cap-letter{width:1em;height:1em}.elementor-widget-text-editor .elementor-drop-cap{float:left;text-align:center;line-height:1;font-size:50px}.elementor-widget-text-editor .elementor-drop-cap-letter{display:inline-block}<\/style>\t\t\t\t<p>Via Vittorio Veneto, 91<br \/>47122 Forl\u00ec (FC)<\/p><p>Email:\u00a0<a href=\"mailto:info@lctsrl.com\">info@lctsrl.com<\/a><br \/>PEC:\u00a0<a href=\"mailto:lctsrlfolivesi1984@pec.it\">lctsrlfolivesi1984@pec.it<\/a><\/p>\t\t\t\t\t\t<\/div>\r\n\t\t\t\t<\/div>\r\n\t\t\t\t\t<\/div>\r\n\t\t<\/div>\r\n\t\t\t\t<div class=\"elementor-column elementor-col-66 elementor-top-column elementor-element elementor-element-5075a951 elementor-hidden-mobile\" data-id=\"5075a951\" data-element_type=\"column\">\r\n\t\t\t<div class=\"elementor-widget-wrap elementor-element-populated\">\r\n\t\t\t\t\t\t\t\t<div class=\"elementor-element elementor-element-7d88533b elementor-widget elementor-widget-shortcode\" data-id=\"7d88533b\" data-element_type=\"widget\" data-widget_type=\"shortcode.default\">\r\n\t\t\t\t<div class=\"elementor-widget-container\">\r\n\t\t\t\t\t<div class=\"elementor-shortcode\"><div role=\"form\" class=\"wpcf7\" id=\"wpcf7-f2902-o1\" lang=\"fr-FR\" dir=\"ltr\">\n<div class=\"screen-reader-response\"><p role=\"status\" aria-live=\"polite\" aria-atomic=\"true\"><\/p> <ul><\/ul><\/div>\n<form action=\"\/fr\/wp-json\/wp\/v2\/pages\/2898#wpcf7-f2902-o1\" method=\"post\" class=\"wpcf7-form init\" novalidate=\"novalidate\" data-status=\"init\">\n<div style=\"display: none;\">\n<input type=\"hidden\" name=\"_wpcf7\" value=\"2902\" \/>\n<input type=\"hidden\" name=\"_wpcf7_version\" value=\"5.6\" \/>\n<input type=\"hidden\" name=\"_wpcf7_locale\" value=\"fr_FR\" \/>\n<input type=\"hidden\" name=\"_wpcf7_unit_tag\" value=\"wpcf7-f2902-o1\" \/>\n<input type=\"hidden\" name=\"_wpcf7_container_post\" value=\"0\" \/>\n<input type=\"hidden\" name=\"_wpcf7_posted_data_hash\" value=\"\" \/>\n<input type=\"hidden\" name=\"_wpcf7_recaptcha_response\" value=\"\" \/>\n<\/div>\n<div class=\"row transx_home_get_in_touch\">\n<div class=\"col-md-4\">\n    <span class=\"wpcf7-form-control-wrap\" data-name=\"your-name\"><input type=\"text\" name=\"your-name\" value=\"\" size=\"40\" class=\"wpcf7-form-control wpcf7-text wpcf7-validates-as-required\" aria-required=\"true\" aria-invalid=\"false\" placeholder=\"Soci\u00e9t\u00e9 *\" \/><\/span>\n  <\/div>\n<div class=\"col-md-4\">\n    <span class=\"wpcf7-form-control-wrap\" data-name=\"your-email\"><input type=\"email\" name=\"your-email\" value=\"\" size=\"40\" class=\"wpcf7-form-control wpcf7-text wpcf7-email wpcf7-validates-as-required wpcf7-validates-as-email\" aria-required=\"true\" aria-invalid=\"false\" placeholder=\"Email *\" \/><\/span>\n  <\/div>\n<div class=\"col-md-4\">\n    <span class=\"wpcf7-form-control-wrap\" data-name=\"tel-869\"><input type=\"tel\" name=\"tel-869\" value=\"\" size=\"40\" class=\"wpcf7-form-control wpcf7-text wpcf7-tel wpcf7-validates-as-required wpcf7-validates-as-tel\" aria-required=\"true\" aria-invalid=\"false\" placeholder=\"Telephone *\" \/><\/span>\n  <\/div>\n<div class=\"col-12\">\n    <span class=\"wpcf7-form-control-wrap\" data-name=\"subject\"><input type=\"text\" name=\"subject\" value=\"\" size=\"40\" class=\"wpcf7-form-control wpcf7-text\" aria-invalid=\"false\" placeholder=\"Objet\" \/><\/span>\n  <\/div>\n<div class=\"col-12\">\n    <span class=\"wpcf7-form-control-wrap\" data-name=\"textarea-770\"><textarea name=\"textarea-770\" cols=\"40\" rows=\"10\" class=\"wpcf7-form-control wpcf7-textarea\" aria-invalid=\"false\" placeholder=\"Message\"><\/textarea><\/span><\/p>\n<p style=\"font-size: 10px; text-align: left\"><em>* champs requis<\/em><\/p>\n<\/div>\n<div class=\"col-12\">\n<span class=\"wpcf7-form-control-wrap\" data-name=\"quiz\"><label><span class=\"wpcf7-quiz-label\">R\u00e9pondez au quiz : Combien font 10 + 2 ?<\/span> <input type=\"text\" name=\"quiz\" size=\"40\" class=\"wpcf7-form-control wpcf7-quiz\" autocomplete=\"off\" aria-required=\"true\" aria-invalid=\"false\" \/><\/label><input type=\"hidden\" name=\"_wpcf7_quiz_answer_quiz\" value=\"88251d3bbb4ef343612443ed3f332a81\" \/><\/span>\n<\/div>\n<div class=\"col-12\">\n<span class=\"wpcf7-form-control-wrap\" data-name=\"acceptance-423\"><span class=\"wpcf7-form-control wpcf7-acceptance\"><span class=\"wpcf7-list-item\"><input type=\"checkbox\" name=\"acceptance-423\" value=\"1\" aria-invalid=\"false\" \/><\/span><\/span><\/span> Je confirme avoir pris connaissance de la <a href=\"\/informativa-sito\" target=\"_blank\">politique de confidentialit\u00e9 du site<\/a>\n<\/div>\n<div class=\"col-12\">\n    <input type=\"submit\" value=\"Envoyer la demande\" class=\"wpcf7-form-control has-spinner wpcf7-submit transx_button\" \/>\n  <\/div>\n<\/div>\n<div class=\"wpcf7-response-output\" aria-hidden=\"true\"><\/div><\/form><\/div><\/div>\r\n\t\t\t\t<\/div>\r\n\t\t\t\t<\/div>\r\n\t\t\t\t\t<\/div>\r\n\t\t<\/div>\r\n\t\t\t\t\t\t\t<\/div>\r\n\t\t<\/section>\r\n\t\t\t\t<section class=\"elementor-section elementor-top-section elementor-element elementor-element-25294ab1 elementor-reverse-tablet elementor-reverse-mobile elementor-section-stretched elementor-section-boxed elementor-section-height-default elementor-section-height-default\" data-id=\"25294ab1\" data-element_type=\"section\" data-settings=\"{&quot;stretch_section&quot;:&quot;section-stretched&quot;,&quot;background_background&quot;:&quot;classic&quot;,&quot;_ha_eqh_enable&quot;:false}\">\r\n\t\t\t\t\t\t<div class=\"elementor-container elementor-column-gap-default\">\r\n\t\t\t\t\t<div class=\"elementor-column elementor-col-100 elementor-top-column elementor-element elementor-element-5d602bb3\" data-id=\"5d602bb3\" data-element_type=\"column\">\r\n\t\t\t<div class=\"elementor-widget-wrap elementor-element-populated\">\r\n\t\t\t\t\t\t\t\t<div class=\"elementor-element elementor-element-2e9b72b1 elementor-widget elementor-widget-heading\" data-id=\"2e9b72b1\" data-element_type=\"widget\" data-widget_type=\"heading.default\">\r\n\t\t\t\t<div class=\"elementor-widget-container\">\r\n\t\t\t<h3 class=\"elementor-heading-title elementor-size-default\">Nos sites:<\/h3>\t\t<\/div>\r\n\t\t\t\t<\/div>\r\n\t\t\t\t\t<\/div>\r\n\t\t<\/div>\r\n\t\t\t\t\t\t\t<\/div>\r\n\t\t<\/section>\r\n\t\t\t\t<section class=\"elementor-section elementor-top-section elementor-element elementor-element-1ba35bf elementor-reverse-tablet elementor-section-stretched elementor-section-boxed elementor-section-height-default elementor-section-height-default\" data-id=\"1ba35bf\" data-element_type=\"section\" data-settings=\"{&quot;stretch_section&quot;:&quot;section-stretched&quot;,&quot;background_background&quot;:&quot;classic&quot;,&quot;_ha_eqh_enable&quot;:false}\">\r\n\t\t\t\t\t\t<div class=\"elementor-container elementor-column-gap-default\">\r\n\t\t\t\t\t<div class=\"elementor-column elementor-col-50 elementor-top-column elementor-element elementor-element-c96bc1d\" data-id=\"c96bc1d\" data-element_type=\"column\">\r\n\t\t\t<div class=\"elementor-widget-wrap elementor-element-populated\">\r\n\t\t\t\t\t\t\t\t<div class=\"elementor-element elementor-element-c59222c elementor-widget elementor-widget-heading\" data-id=\"c59222c\" data-element_type=\"widget\" data-widget_type=\"heading.default\">\r\n\t\t\t\t<div class=\"elementor-widget-container\">\r\n\t\t\t<h4 class=\"elementor-heading-title elementor-size-default\">Italie<\/h4>\t\t<\/div>\r\n\t\t\t\t<\/div>\r\n\t\t\t\t<div class=\"elementor-element elementor-element-f09fd79 elementor-widget elementor-widget-text-editor\" data-id=\"f09fd79\" data-element_type=\"widget\" data-widget_type=\"text-editor.default\">\r\n\t\t\t\t<div class=\"elementor-widget-container\">\r\n\t\t\t\t\t\t\tVia Berlinguer, 60\n47034 &#8211; Forlimpopoli (FC)\n<br>\nT\u00e9l\u00e9phoner: <a href=\"tel:+390543540549\">+39 0543 540549<\/a>\t\t\t\t\t\t<\/div>\r\n\t\t\t\t<\/div>\r\n\t\t\t\t\t<\/div>\r\n\t\t<\/div>\r\n\t\t\t\t<div class=\"elementor-column elementor-col-50 elementor-top-column elementor-element elementor-element-346b14c\" data-id=\"346b14c\" data-element_type=\"column\">\r\n\t\t\t<div class=\"elementor-widget-wrap elementor-element-populated\">\r\n\t\t\t\t\t\t\t\t<div class=\"elementor-element elementor-element-026c1a2 elementor-widget elementor-widget-shortcode\" data-id=\"026c1a2\" data-element_type=\"widget\" data-widget_type=\"shortcode.default\">\r\n\t\t\t\t<div class=\"elementor-widget-container\">\r\n\t\t\t\t\t<div class=\"elementor-shortcode\"><iframe src=\"https:\/\/www.google.com\/maps\/embed?pb=!1m18!1m12!1m3!1d1343.8204347192159!2d12.114678245356963!3d44.193784426393705!2m3!1f0!2f0!3f0!3m2!1i1024!2i768!4f13.1!3m3!1m2!1s0x132ca7ccf057c8c7%3A0x8923ea8de45b640d!2sLCT%20Srl!5e0!3m2!1sit!2sit!4v1644325052793!5m2!1sit!2sit\" width=\"100%\" height=\"200\" style=\"border:0;\" allowfullscreen=\"\" loading=\"lazy\"><\/iframe><\/div>\r\n\t\t\t\t<\/div>\r\n\t\t\t\t<\/div>\r\n\t\t\t\t\t<\/div>\r\n\t\t<\/div>\r\n\t\t\t\t\t\t\t<\/div>\r\n\t\t<\/section>\r\n\t\t\t\t<section class=\"elementor-section elementor-top-section elementor-element elementor-element-b3a3b91 elementor-hidden-phone elementor-hidden-desktop elementor-hidden-tablet elementor-section-boxed elementor-section-height-default elementor-section-height-default\" data-id=\"b3a3b91\" data-element_type=\"section\" data-settings=\"{&quot;_ha_eqh_enable&quot;:false}\">\r\n\t\t\t\t\t\t\t<div class=\"elementor-background-overlay\"><\/div>\r\n\t\t\t\t\t\t\t<div class=\"elementor-container elementor-column-gap-default\">\r\n\t\t\t\t\t<div class=\"elementor-column elementor-col-100 elementor-top-column elementor-element elementor-element-d3fe76b\" data-id=\"d3fe76b\" data-element_type=\"column\">\r\n\t\t\t<div class=\"elementor-widget-wrap elementor-element-populated\">\r\n\t\t\t\t\t\t\t\t<div class=\"elementor-element elementor-element-78a0e12 elementor-widget elementor-widget-heading\" data-id=\"78a0e12\" data-element_type=\"widget\" data-widget_type=\"heading.default\">\r\n\t\t\t\t<div class=\"elementor-widget-container\">\r\n\t\t\t<h2 class=\"elementor-heading-title elementor-size-default\">Vous voulez plus d'informations?<\/h2>\t\t<\/div>\r\n\t\t\t\t<\/div>\r\n\t\t\t\t<div class=\"elementor-element elementor-element-3efeda3 elementor-widget elementor-widget-heading\" data-id=\"3efeda3\" data-element_type=\"widget\" data-widget_type=\"heading.default\">\r\n\t\t\t\t<div class=\"elementor-widget-container\">\r\n\t\t\t<h2 class=\"elementor-heading-title elementor-size-default\">NOUS CONTACTER<\/h2>\t\t<\/div>\r\n\t\t\t\t<\/div>\r\n\t\t\t\t<div class=\"elementor-element elementor-element-e23e7ea elementor-widget elementor-widget-shortcode\" data-id=\"e23e7ea\" data-element_type=\"widget\" data-widget_type=\"shortcode.default\">\r\n\t\t\t\t<div class=\"elementor-widget-container\">\r\n\t\t\t\t\t<div class=\"elementor-shortcode\"><div role=\"form\" class=\"wpcf7\" id=\"wpcf7-f2902-o2\" lang=\"fr-FR\" dir=\"ltr\">\n<div class=\"screen-reader-response\"><p role=\"status\" aria-live=\"polite\" aria-atomic=\"true\"><\/p> <ul><\/ul><\/div>\n<form action=\"\/fr\/wp-json\/wp\/v2\/pages\/2898#wpcf7-f2902-o2\" method=\"post\" class=\"wpcf7-form init\" novalidate=\"novalidate\" data-status=\"init\">\n<div style=\"display: none;\">\n<input type=\"hidden\" name=\"_wpcf7\" value=\"2902\" \/>\n<input type=\"hidden\" name=\"_wpcf7_version\" value=\"5.6\" \/>\n<input type=\"hidden\" name=\"_wpcf7_locale\" value=\"fr_FR\" \/>\n<input type=\"hidden\" name=\"_wpcf7_unit_tag\" value=\"wpcf7-f2902-o2\" \/>\n<input type=\"hidden\" name=\"_wpcf7_container_post\" value=\"0\" \/>\n<input type=\"hidden\" name=\"_wpcf7_posted_data_hash\" value=\"\" \/>\n<input type=\"hidden\" name=\"_wpcf7_recaptcha_response\" value=\"\" \/>\n<\/div>\n<div class=\"row transx_home_get_in_touch\">\n<div class=\"col-md-4\">\n    <span class=\"wpcf7-form-control-wrap\" data-name=\"your-name\"><input type=\"text\" name=\"your-name\" value=\"\" size=\"40\" class=\"wpcf7-form-control wpcf7-text wpcf7-validates-as-required\" aria-required=\"true\" aria-invalid=\"false\" placeholder=\"Soci\u00e9t\u00e9 *\" \/><\/span>\n  <\/div>\n<div class=\"col-md-4\">\n    <span class=\"wpcf7-form-control-wrap\" data-name=\"your-email\"><input type=\"email\" name=\"your-email\" value=\"\" size=\"40\" class=\"wpcf7-form-control wpcf7-text wpcf7-email wpcf7-validates-as-required wpcf7-validates-as-email\" aria-required=\"true\" aria-invalid=\"false\" placeholder=\"Email *\" \/><\/span>\n  <\/div>\n<div class=\"col-md-4\">\n    <span class=\"wpcf7-form-control-wrap\" data-name=\"tel-869\"><input type=\"tel\" name=\"tel-869\" value=\"\" size=\"40\" class=\"wpcf7-form-control wpcf7-text wpcf7-tel wpcf7-validates-as-required wpcf7-validates-as-tel\" aria-required=\"true\" aria-invalid=\"false\" placeholder=\"Telephone *\" \/><\/span>\n  <\/div>\n<div class=\"col-12\">\n    <span class=\"wpcf7-form-control-wrap\" data-name=\"subject\"><input type=\"text\" name=\"subject\" value=\"\" size=\"40\" class=\"wpcf7-form-control wpcf7-text\" aria-invalid=\"false\" placeholder=\"Objet\" \/><\/span>\n  <\/div>\n<div class=\"col-12\">\n    <span class=\"wpcf7-form-control-wrap\" data-name=\"textarea-770\"><textarea name=\"textarea-770\" cols=\"40\" rows=\"10\" class=\"wpcf7-form-control wpcf7-textarea\" aria-invalid=\"false\" placeholder=\"Message\"><\/textarea><\/span><\/p>\n<p style=\"font-size: 10px; text-align: left\"><em>* champs requis<\/em><\/p>\n<\/div>\n<div class=\"col-12\">\n<span class=\"wpcf7-form-control-wrap\" data-name=\"quiz\"><label><span class=\"wpcf7-quiz-label\">R\u00e9pondez au quiz : Combien font 10 + 2 ?<\/span> <input type=\"text\" name=\"quiz\" size=\"40\" class=\"wpcf7-form-control wpcf7-quiz\" autocomplete=\"off\" aria-required=\"true\" aria-invalid=\"false\" \/><\/label><input type=\"hidden\" name=\"_wpcf7_quiz_answer_quiz\" value=\"88251d3bbb4ef343612443ed3f332a81\" \/><\/span>\n<\/div>\n<div class=\"col-12\">\n<span class=\"wpcf7-form-control-wrap\" data-name=\"acceptance-423\"><span class=\"wpcf7-form-control wpcf7-acceptance\"><span class=\"wpcf7-list-item\"><input type=\"checkbox\" name=\"acceptance-423\" value=\"1\" aria-invalid=\"false\" \/><\/span><\/span><\/span> Je confirme avoir pris connaissance de la <a href=\"\/informativa-sito\" target=\"_blank\">politique de confidentialit\u00e9 du site<\/a>\n<\/div>\n<div class=\"col-12\">\n    <input type=\"submit\" value=\"Envoyer la demande\" class=\"wpcf7-form-control has-spinner wpcf7-submit transx_button\" \/>\n  <\/div>\n<\/div>\n<div class=\"wpcf7-response-output\" aria-hidden=\"true\"><\/div><\/form><\/div><\/div>\r\n\t\t\t\t<\/div>\r\n\t\t\t\t<\/div>\r\n\t\t\t\t\t<\/div>\r\n\t\t<\/div>\r\n\t\t\t\t\t\t\t<\/div>\r\n\t\t<\/section>\r\n\t\t\t\t\t\t<\/div>\r\n\t\t\t\t\t<\/div>\r\n\t\t","protected":false},"excerpt":{"rendered":"<p>Vous voulez plus d&#8217;informations? NOUS CONTACTER Bureau d&#8217;inscription Via Vittorio Veneto, 9147122 Forl\u00ec (FC) Email:\u00a0info@lctsrl.comPEC:\u00a0lctsrlfolivesi1984@pec.it Nos sites: Italie Via Berlinguer, 60 47034 &#8211; Forlimpopoli (FC) T\u00e9l\u00e9phoner: +39 0543 540549 Vous voulez plus d&#8217;informations? NOUS CONTACTER<\/p>\n","protected":false},"author":1,"featured_media":0,"parent":0,"menu_order":0,"comment_status":"closed","ping_status":"closed","template":"","meta":{"footnotes":""},"class_list":["post-2898","page","type-page","status-publish","hentry"],"yoast_head":"<!-- This site is optimized with the Yoast SEO plugin v19.1 - https:\/\/yoast.com\/wordpress\/plugins\/seo\/ -->\n<title>Contacts et Bureaux | LCT Transport \u00e0 Faible Co\u00fbt<\/title>\n<meta name=\"description\" content=\"Contacts et Bureaux : Bureau op\u00e9rationnel Italie : Via A. Meucci, 163822 - Porto San Giorgio (FM) Cell. +39 328 8380044. Contactez-nous !\" \/>\n<meta name=\"robots\" content=\"index, follow, max-snippet:-1, max-image-preview:large, max-video-preview:-1\" \/>\n<link rel=\"canonical\" href=\"https:\/\/www.lctsrl.com\/ro\/contacte\/\" \/>\n<meta property=\"og:locale\" content=\"fr_FR\" \/>\n<meta property=\"og:type\" content=\"article\" \/>\n<meta property=\"og:title\" content=\"Contacts et Bureaux | LCT Transport \u00e0 Faible Co\u00fbt\" \/>\n<meta property=\"og:description\" content=\"Contacts et Bureaux : Bureau op\u00e9rationnel Italie : Via A. Meucci, 163822 - Porto San Giorgio (FM) Cell. +39 328 8380044. Contactez-nous !\" \/>\n<meta property=\"og:url\" content=\"https:\/\/www.lctsrl.com\/ro\/contacte\/\" \/>\n<meta property=\"og:site_name\" content=\"LCT\" \/>\n<meta property=\"article:modified_time\" content=\"2025-11-11T13:50:52+00:00\" \/>\n<meta name=\"twitter:card\" content=\"summary_large_image\" \/>\n<script type=\"application\/ld+json\" class=\"yoast-schema-graph\">{\"@context\":\"https:\/\/schema.org\",\"@graph\":[{\"@type\":\"Organization\",\"@id\":\"https:\/\/www.lctsrl.com\/#organization\",\"name\":\"LCT srl\",\"url\":\"https:\/\/www.lctsrl.com\/\",\"sameAs\":[],\"logo\":{\"@type\":\"ImageObject\",\"inLanguage\":\"fr-FR\",\"@id\":\"https:\/\/www.lctsrl.com\/#\/schema\/logo\/image\/\",\"url\":\"http:\/\/www.lctsrl.com\/wp-content\/uploads\/2022\/02\/logo_LCT.png\",\"contentUrl\":\"http:\/\/www.lctsrl.com\/wp-content\/uploads\/2022\/02\/logo_LCT.png\",\"width\":360,\"height\":247,\"caption\":\"LCT srl\"},\"image\":{\"@id\":\"https:\/\/www.lctsrl.com\/#\/schema\/logo\/image\/\"}},{\"@type\":\"WebSite\",\"@id\":\"https:\/\/www.lctsrl.com\/#website\",\"url\":\"https:\/\/www.lctsrl.com\/\",\"name\":\"LCT\",\"description\":\"Trasporti internazionali\",\"publisher\":{\"@id\":\"https:\/\/www.lctsrl.com\/#organization\"},\"potentialAction\":[{\"@type\":\"SearchAction\",\"target\":{\"@type\":\"EntryPoint\",\"urlTemplate\":\"https:\/\/www.lctsrl.com\/?s={search_term_string}\"},\"query-input\":\"required name=search_term_string\"}],\"inLanguage\":\"fr-FR\"},{\"@type\":\"WebPage\",\"@id\":\"https:\/\/www.lctsrl.com\/ro\/contacte\/#webpage\",\"url\":\"https:\/\/www.lctsrl.com\/ro\/contacte\/\",\"name\":\"Contacts et Bureaux | LCT Transport \u00e0 Faible Co\u00fbt\",\"isPartOf\":{\"@id\":\"https:\/\/www.lctsrl.com\/#website\"},\"datePublished\":\"2021-06-16T13:54:31+00:00\",\"dateModified\":\"2025-11-11T13:50:52+00:00\",\"description\":\"Contacts et Bureaux : Bureau op\u00e9rationnel Italie : Via A. Meucci, 163822 - Porto San Giorgio (FM) Cell. +39 328 8380044. Contactez-nous !\",\"breadcrumb\":{\"@id\":\"https:\/\/www.lctsrl.com\/ro\/contacte\/#breadcrumb\"},\"inLanguage\":\"fr-FR\",\"potentialAction\":[{\"@type\":\"ReadAction\",\"target\":[\"https:\/\/www.lctsrl.com\/ro\/contacte\/\"]}]},{\"@type\":\"BreadcrumbList\",\"@id\":\"https:\/\/www.lctsrl.com\/ro\/contacte\/#breadcrumb\",\"itemListElement\":[{\"@type\":\"ListItem\",\"position\":1,\"name\":\"Home\",\"item\":\"https:\/\/www.lctsrl.com\/fr\/\"},{\"@type\":\"ListItem\",\"position\":2,\"name\":\"Contacts\"}]}]}<\/script>\n<!-- \/ Yoast SEO plugin. -->","yoast_head_json":{"title":"Contacts et Bureaux | LCT Transport \u00e0 Faible Co\u00fbt","description":"Contacts et Bureaux : Bureau op\u00e9rationnel Italie : Via A. Meucci, 163822 - Porto San Giorgio (FM) Cell. +39 328 8380044. Contactez-nous !","robots":{"index":"index","follow":"follow","max-snippet":"max-snippet:-1","max-image-preview":"max-image-preview:large","max-video-preview":"max-video-preview:-1"},"canonical":"https:\/\/www.lctsrl.com\/ro\/contacte\/","og_locale":"fr_FR","og_type":"article","og_title":"Contacts et Bureaux | LCT Transport \u00e0 Faible Co\u00fbt","og_description":"Contacts et Bureaux : Bureau op\u00e9rationnel Italie : Via A. Meucci, 163822 - Porto San Giorgio (FM) Cell. +39 328 8380044. Contactez-nous !","og_url":"https:\/\/www.lctsrl.com\/ro\/contacte\/","og_site_name":"LCT","article_modified_time":"2025-11-11T13:50:52+00:00","twitter_card":"summary_large_image","schema":{"@context":"https:\/\/schema.org","@graph":[{"@type":"Organization","@id":"https:\/\/www.lctsrl.com\/#organization","name":"LCT srl","url":"https:\/\/www.lctsrl.com\/","sameAs":[],"logo":{"@type":"ImageObject","inLanguage":"fr-FR","@id":"https:\/\/www.lctsrl.com\/#\/schema\/logo\/image\/","url":"http:\/\/www.lctsrl.com\/wp-content\/uploads\/2022\/02\/logo_LCT.png","contentUrl":"http:\/\/www.lctsrl.com\/wp-content\/uploads\/2022\/02\/logo_LCT.png","width":360,"height":247,"caption":"LCT srl"},"image":{"@id":"https:\/\/www.lctsrl.com\/#\/schema\/logo\/image\/"}},{"@type":"WebSite","@id":"https:\/\/www.lctsrl.com\/#website","url":"https:\/\/www.lctsrl.com\/","name":"LCT","description":"Trasporti internazionali","publisher":{"@id":"https:\/\/www.lctsrl.com\/#organization"},"potentialAction":[{"@type":"SearchAction","target":{"@type":"EntryPoint","urlTemplate":"https:\/\/www.lctsrl.com\/?s={search_term_string}"},"query-input":"required name=search_term_string"}],"inLanguage":"fr-FR"},{"@type":"WebPage","@id":"https:\/\/www.lctsrl.com\/ro\/contacte\/#webpage","url":"https:\/\/www.lctsrl.com\/ro\/contacte\/","name":"Contacts et Bureaux | LCT Transport \u00e0 Faible Co\u00fbt","isPartOf":{"@id":"https:\/\/www.lctsrl.com\/#website"},"datePublished":"2021-06-16T13:54:31+00:00","dateModified":"2025-11-11T13:50:52+00:00","description":"Contacts et Bureaux : Bureau op\u00e9rationnel Italie : Via A. Meucci, 163822 - Porto San Giorgio (FM) Cell. +39 328 8380044. Contactez-nous !","breadcrumb":{"@id":"https:\/\/www.lctsrl.com\/ro\/contacte\/#breadcrumb"},"inLanguage":"fr-FR","potentialAction":[{"@type":"ReadAction","target":["https:\/\/www.lctsrl.com\/ro\/contacte\/"]}]},{"@type":"BreadcrumbList","@id":"https:\/\/www.lctsrl.com\/ro\/contacte\/#breadcrumb","itemListElement":[{"@type":"ListItem","position":1,"name":"Home","item":"https:\/\/www.lctsrl.com\/fr\/"},{"@type":"ListItem","position":2,"name":"Contacts"}]}]}},"_links":{"self":[{"href":"https:\/\/www.lctsrl.com\/fr\/wp-json\/wp\/v2\/pages\/2898","targetHints":{"allow":["GET"]}}],"collection":[{"href":"https:\/\/www.lctsrl.com\/fr\/wp-json\/wp\/v2\/pages"}],"about":[{"href":"https:\/\/www.lctsrl.com\/fr\/wp-json\/wp\/v2\/types\/page"}],"author":[{"embeddable":true,"href":"https:\/\/www.lctsrl.com\/fr\/wp-json\/wp\/v2\/users\/1"}],"replies":[{"embeddable":true,"href":"https:\/\/www.lctsrl.com\/fr\/wp-json\/wp\/v2\/comments?post=2898"}],"version-history":[{"count":15,"href":"https:\/\/www.lctsrl.com\/fr\/wp-json\/wp\/v2\/pages\/2898\/revisions"}],"predecessor-version":[{"id":3313,"href":"https:\/\/www.lctsrl.com\/fr\/wp-json\/wp\/v2\/pages\/2898\/revisions\/3313"}],"wp:attachment":[{"href":"https:\/\/www.lctsrl.com\/fr\/wp-json\/wp\/v2\/media?parent=2898"}],"curies":[{"name":"wp","href":"https:\/\/api.w.org\/{rel}","templated":true}]}}