{"id":2868,"date":"2021-06-16T15:52:40","date_gmt":"2021-06-16T13:52:40","guid":{"rendered":"http:\/\/www.lctsrl.com\/?page_id=2868"},"modified":"2025-11-11T15:13:05","modified_gmt":"2025-11-11T14:13:05","slug":"transport-de-marchandises-par-route","status":"publish","type":"page","link":"https:\/\/www.lctsrl.com\/fr\/transport-de-marchandises-par-route\/","title":{"rendered":"Enterprise"},"content":{"rendered":"\t\t<div data-elementor-type=\"wp-page\" data-elementor-id=\"2868\" class=\"elementor elementor-2868 elementor-30\" data-elementor-settings=\"[]\">\r\n\t\t\t\t\t\t\t<div class=\"elementor-section-wrap\">\r\n\t\t\t\t\t\t\t<section class=\"elementor-section elementor-top-section elementor-element elementor-element-5d05fb01 elementor-section-boxed elementor-section-height-default elementor-section-height-default\" data-id=\"5d05fb01\" data-element_type=\"section\" data-settings=\"{&quot;_ha_eqh_enable&quot;:false}\">\r\n\t\t\t\t\t\t<div class=\"elementor-container elementor-column-gap-default\">\r\n\t\t\t\t\t<div class=\"elementor-column elementor-col-100 elementor-top-column elementor-element elementor-element-35d7dd38\" data-id=\"35d7dd38\" data-element_type=\"column\">\r\n\t\t\t<div class=\"elementor-widget-wrap elementor-element-populated\">\r\n\t\t\t\t\t\t\t\t<div class=\"elementor-element elementor-element-401b6c5 elementor-widget elementor-widget-heading\" data-id=\"401b6c5\" data-element_type=\"widget\" data-widget_type=\"heading.default\">\r\n\t\t\t\t<div class=\"elementor-widget-container\">\r\n\t\t\t<style>\/*! elementor - v3.5.4 - 23-01-2022 *\/\n.elementor-heading-title{padding:0;margin:0;line-height:1}.elementor-widget-heading .elementor-heading-title[class*=elementor-size-]>a{color:inherit;font-size:inherit;line-height:inherit}.elementor-widget-heading .elementor-heading-title.elementor-size-small{font-size:15px}.elementor-widget-heading .elementor-heading-title.elementor-size-medium{font-size:19px}.elementor-widget-heading .elementor-heading-title.elementor-size-large{font-size:29px}.elementor-widget-heading .elementor-heading-title.elementor-size-xl{font-size:39px}.elementor-widget-heading .elementor-heading-title.elementor-size-xxl{font-size:59px}<\/style><h1 class=\"elementor-heading-title elementor-size-default\">LCT Transport de Marchandises Par Route - Le meilleur partenaire pour les services nationaux et internationaux de transport b\u00e2ch\u00e9 pour des tiers<\/h1>\t\t<\/div>\r\n\t\t\t\t<\/div>\r\n\t\t\t\t\t<\/div>\r\n\t\t<\/div>\r\n\t\t\t\t\t\t\t<\/div>\r\n\t\t<\/section>\r\n\t\t\t\t<section class=\"elementor-section elementor-top-section elementor-element elementor-element-e050b4d elementor-section-boxed elementor-section-height-default elementor-section-height-default\" data-id=\"e050b4d\" data-element_type=\"section\" data-settings=\"{&quot;_ha_eqh_enable&quot;:false}\">\r\n\t\t\t\t\t\t<div class=\"elementor-container elementor-column-gap-default\">\r\n\t\t\t\t\t<div class=\"elementor-column elementor-col-50 elementor-top-column elementor-element elementor-element-c3a78ea\" data-id=\"c3a78ea\" data-element_type=\"column\">\r\n\t\t\t<div class=\"elementor-widget-wrap elementor-element-populated\">\r\n\t\t\t\t\t\t\t\t<div class=\"elementor-element elementor-element-c89a67e elementor-widget elementor-widget-heading\" data-id=\"c89a67e\" data-element_type=\"widget\" data-widget_type=\"heading.default\">\r\n\t\t\t\t<div class=\"elementor-widget-container\">\r\n\t\t\t<h2 class=\"elementor-heading-title elementor-size-default\">Entreprise de transport de marchandises par route<\/h2>\t\t<\/div>\r\n\t\t\t\t<\/div>\r\n\t\t\t\t<div class=\"elementor-element elementor-element-669dcca elementor-widget elementor-widget-text-editor\" data-id=\"669dcca\" data-element_type=\"widget\" data-widget_type=\"text-editor.default\">\r\n\t\t\t\t<div class=\"elementor-widget-container\">\r\n\t\t\t<style>\/*! elementor - v3.5.4 - 23-01-2022 *\/\n.elementor-widget-text-editor.elementor-drop-cap-view-stacked .elementor-drop-cap{background-color:#818a91;color:#fff}.elementor-widget-text-editor.elementor-drop-cap-view-framed .elementor-drop-cap{color:#818a91;border:3px solid;background-color:transparent}.elementor-widget-text-editor:not(.elementor-drop-cap-view-default) .elementor-drop-cap{margin-top:8px}.elementor-widget-text-editor:not(.elementor-drop-cap-view-default) .elementor-drop-cap-letter{width:1em;height:1em}.elementor-widget-text-editor .elementor-drop-cap{float:left;text-align:center;line-height:1;font-size:50px}.elementor-widget-text-editor .elementor-drop-cap-letter{display:inline-block}<\/style>\t\t\t\t<p>Notre entreprise de transport de marchandises par route a \u00e9t\u00e9 fond\u00e9e en 2008 par l&#8217;exp\u00e9rience de la famille Forlivesi dans le but de fournir aux clients un service de transport routier de marchandises ponctuel et toujours fiable.<\/p><p>La philosophie de l&#8217;entreprise a rapidement conduit le groupe \u00e0 une croissance rapide. Aujourd&#8217;hui, LCT &#8211; dirig\u00e9 par la deuxi\u00e8me g\u00e9n\u00e9ration, Alessandro et Federica &#8211; est un point de r\u00e9f\u00e9rence solide pour l&#8217;exp\u00e9dition et le transport de marchandises d&#8217;Italie en France et vice-versa, parvenant \u00e0 couvrir les besoins des clients du nord de l&#8217;Italie \u00e0 la France enti\u00e8re.<\/p><p>LCT est conscient que le succ\u00e8s d&#8217;une entreprise sur le march\u00e9 est le r\u00e9sultat des choix qu&#8217;elle fait, que la qualit\u00e9 doit \u00eatre atteinte et conquise jour apr\u00e8s jour. C&#8217;est pourquoi nous v\u00e9rifions constamment que les proc\u00e9dures d&#8217;exploitation sont respect\u00e9es et que tous les syst\u00e8mes de contr\u00f4le fonctionnent correctement.<\/p>\t\t\t\t\t\t<\/div>\r\n\t\t\t\t<\/div>\r\n\t\t\t\t\t<\/div>\r\n\t\t<\/div>\r\n\t\t\t\t<div class=\"elementor-column elementor-col-50 elementor-top-column elementor-element elementor-element-8588d65\" data-id=\"8588d65\" data-element_type=\"column\">\r\n\t\t\t<div class=\"elementor-widget-wrap elementor-element-populated\">\r\n\t\t\t\t\t\t\t\t<div class=\"elementor-element elementor-element-740af12 elementor-invisible elementor-widget elementor-widget-image\" data-id=\"740af12\" data-element_type=\"widget\" data-settings=\"{&quot;_animation&quot;:&quot;fadeInRight&quot;}\" data-widget_type=\"image.default\">\r\n\t\t\t\t<div class=\"elementor-widget-container\">\r\n\t\t\t<style>\/*! elementor - v3.5.4 - 23-01-2022 *\/\n.elementor-widget-image{text-align:center}.elementor-widget-image a{display:inline-block}.elementor-widget-image a img[src$=\".svg\"]{width:48px}.elementor-widget-image img{vertical-align:middle;display:inline-block}<\/style>\t\t\t\t\t\t\t\t\t\t\t\t<img decoding=\"async\" src=\"https:\/\/www.lctsrl.com\/wp-content\/uploads\/elementor\/thumbs\/foto-forlivesi-prlso6r14bj6s8xy4q1elclq8k4q17aifstb91r1zi.jpg\" title=\"trasporto merci su gomma LCT\" alt=\"trasporto merci su gomma LCT\" class=\"elementor-animation-grow\" \/>\t\t\t\t\t\t\t\t\t\t\t\t\t\t\t<\/div>\r\n\t\t\t\t<\/div>\r\n\t\t\t\t\t<\/div>\r\n\t\t<\/div>\r\n\t\t\t\t\t\t\t<\/div>\r\n\t\t<\/section>\r\n\t\t\t\t<section class=\"elementor-section elementor-top-section elementor-element elementor-element-1c2a3537 elementor-reverse-tablet elementor-reverse-mobile elementor-section-stretched elementor-section-boxed elementor-section-height-default elementor-section-height-default\" data-id=\"1c2a3537\" data-element_type=\"section\" data-settings=\"{&quot;stretch_section&quot;:&quot;section-stretched&quot;,&quot;background_background&quot;:&quot;classic&quot;,&quot;_ha_eqh_enable&quot;:false}\">\r\n\t\t\t\t\t\t<div class=\"elementor-container elementor-column-gap-default\">\r\n\t\t\t\t\t<div class=\"elementor-column elementor-col-100 elementor-top-column elementor-element elementor-element-d1e3b3c\" data-id=\"d1e3b3c\" data-element_type=\"column\">\r\n\t\t\t<div class=\"elementor-widget-wrap elementor-element-populated\">\r\n\t\t\t\t\t\t\t\t<div class=\"elementor-element elementor-element-a978828 elementor-widget elementor-widget-text-editor\" data-id=\"a978828\" data-element_type=\"widget\" data-widget_type=\"text-editor.default\">\r\n\t\t\t\t<div class=\"elementor-widget-container\">\r\n\t\t\t\t\t\t\t<h4 style=\"font-weight: 800;\">La s\u00e9lection et la formation du personnel sont des priorit\u00e9s absolues et sont effectu\u00e9es avec le plus grand s\u00e9rieux.<\/h4><p>Vous souhaitez travailler avec nous, postulez sur le site <a href=\"\/fr\/travaillez-avec-nous\/\"><span style=\"font-weight: 800;\">Trasporto Merci Lavora con Noi<\/span><\/a><\/p><p>La volont\u00e9 d&#8217;anticiper les besoins des clients tout en se tournant vers l&#8217;avenir a conduit l&#8217;entreprise \u00e0 d\u00e9velopper des syst\u00e8mes d&#8217;exp\u00e9dition et de transport de marchandises toujours plus comp\u00e9titifs, chaque jour plus riches en contenu et en services ajout\u00e9s.<\/p><p>Notre si\u00e8ge social se trouve \u00e0 Forl\u00ec (FC), tandis que pour mieux r\u00e9pondre aux demandes de nos nombreux clients et fournisseurs, nous avons ouvert deux succursales en France \u00e0 Menton et en Roumanie \u00e0 Onesti.<\/p>\t\t\t\t\t\t<\/div>\r\n\t\t\t\t<\/div>\r\n\t\t\t\t\t<\/div>\r\n\t\t<\/div>\r\n\t\t\t\t\t\t\t<\/div>\r\n\t\t<\/section>\r\n\t\t\t\t<section class=\"elementor-section elementor-top-section elementor-element elementor-element-a75dba elementor-reverse-tablet elementor-reverse-mobile elementor-section-stretched elementor-section-boxed elementor-section-height-default elementor-section-height-default\" data-id=\"a75dba\" data-element_type=\"section\" data-settings=\"{&quot;stretch_section&quot;:&quot;section-stretched&quot;,&quot;background_background&quot;:&quot;classic&quot;,&quot;_ha_eqh_enable&quot;:false}\">\r\n\t\t\t\t\t\t<div class=\"elementor-container elementor-column-gap-default\">\r\n\t\t\t\t\t<div class=\"elementor-column elementor-col-100 elementor-top-column elementor-element elementor-element-50bbb609\" data-id=\"50bbb609\" data-element_type=\"column\">\r\n\t\t\t<div class=\"elementor-widget-wrap elementor-element-populated\">\r\n\t\t\t\t\t\t\t\t<div class=\"elementor-element elementor-element-623e87a2 elementor-widget elementor-widget-heading\" data-id=\"623e87a2\" data-element_type=\"widget\" data-widget_type=\"heading.default\">\r\n\t\t\t\t<div class=\"elementor-widget-container\">\r\n\t\t\t<h3 class=\"elementor-heading-title elementor-size-default\">Ce qu\u2019on dit de nous<\/h3>\t\t<\/div>\r\n\t\t\t\t<\/div>\r\n\t\t\t\t<div class=\"elementor-element elementor-element-11e08116 elementor-widget elementor-widget-heading\" data-id=\"11e08116\" data-element_type=\"widget\" data-widget_type=\"heading.default\">\r\n\t\t\t\t<div class=\"elementor-widget-container\">\r\n\t\t\t<h4 class=\"elementor-heading-title elementor-size-default\">Il Sole24ore<\/h4>\t\t<\/div>\r\n\t\t\t\t<\/div>\r\n\t\t\t\t<div class=\"elementor-element elementor-element-366dbf46 elementor-widget elementor-widget-image\" data-id=\"366dbf46\" data-element_type=\"widget\" data-widget_type=\"image.default\">\r\n\t\t\t\t<div class=\"elementor-widget-container\">\r\n\t\t\t\t\t\t\t\t\t\t\t\t\t\t\t\t<a href=\"https:\/\/www.lctsrl.com\/wp-content\/uploads\/2025\/11\/trafiletto_lct_ilsole24ore_conv.webp\" data-elementor-open-lightbox=\"yes\" data-elementor-lightbox-title=\"trafiletto_lct_ilsole24ore_conv\">\r\n\t\t\t\t\t\t\t<img loading=\"lazy\" decoding=\"async\" width=\"438\" height=\"399\" src=\"https:\/\/www.lctsrl.com\/wp-content\/uploads\/2025\/11\/trafiletto_lct_ilsole24ore_conv.webp\" class=\"attachment-full size-full\" alt=\"\" srcset=\"https:\/\/www.lctsrl.com\/wp-content\/uploads\/2025\/11\/trafiletto_lct_ilsole24ore_conv.webp 438w, https:\/\/www.lctsrl.com\/wp-content\/uploads\/2025\/11\/trafiletto_lct_ilsole24ore_conv-300x273.webp 300w\" sizes=\"auto, (max-width: 438px) 100vw, 438px\" \/>\t\t\t\t\t\t\t\t<\/a>\r\n\t\t\t\t\t\t\t\t\t\t\t\t\t\t\t<\/div>\r\n\t\t\t\t<\/div>\r\n\t\t\t\t\t<\/div>\r\n\t\t<\/div>\r\n\t\t\t\t\t\t\t<\/div>\r\n\t\t<\/section>\r\n\t\t\t\t<section class=\"elementor-section elementor-top-section elementor-element elementor-element-89bce65 elementor-section-stretched elementor-section-boxed elementor-section-height-default elementor-section-height-default\" data-id=\"89bce65\" data-element_type=\"section\" data-settings=\"{&quot;stretch_section&quot;:&quot;section-stretched&quot;,&quot;_ha_eqh_enable&quot;:false}\">\r\n\t\t\t\t\t\t\t<div class=\"elementor-background-overlay\"><\/div>\r\n\t\t\t\t\t\t\t<div class=\"elementor-container elementor-column-gap-default\">\r\n\t\t\t\t\t<div class=\"elementor-column elementor-col-100 elementor-top-column elementor-element elementor-element-49ba967\" data-id=\"49ba967\" data-element_type=\"column\">\r\n\t\t\t<div class=\"elementor-widget-wrap elementor-element-populated\">\r\n\t\t\t\t\t\t\t\t<div class=\"elementor-element elementor-element-fe01c84 elementor-widget elementor-widget-heading\" data-id=\"fe01c84\" data-element_type=\"widget\" data-widget_type=\"heading.default\">\r\n\t\t\t\t<div class=\"elementor-widget-container\">\r\n\t\t\t<h3 class=\"elementor-heading-title elementor-size-default\">Notre \u00e9quipe<\/h3>\t\t<\/div>\r\n\t\t\t\t<\/div>\r\n\t\t\t\t<div class=\"elementor-element elementor-element-1ad4655 elementor-invisible elementor-widget elementor-widget-image\" data-id=\"1ad4655\" data-element_type=\"widget\" data-settings=\"{&quot;_animation&quot;:&quot;fadeInUp&quot;}\" data-widget_type=\"image.default\">\r\n\t\t\t\t<div class=\"elementor-widget-container\">\r\n\t\t\t\t\t\t\t\t\t\t\t\t\t\t\t<img loading=\"lazy\" decoding=\"async\" width=\"1024\" height=\"768\" src=\"https:\/\/www.lctsrl.com\/wp-content\/uploads\/2022\/02\/foto-dipendenti-1024x768.jpg\" class=\"elementor-animation-grow attachment-large size-large\" alt=\"trasporto merci su gomma LCT\" srcset=\"https:\/\/www.lctsrl.com\/wp-content\/uploads\/2022\/02\/foto-dipendenti-1024x768.jpg 1024w, https:\/\/www.lctsrl.com\/wp-content\/uploads\/2022\/02\/foto-dipendenti-300x225.jpg 300w, https:\/\/www.lctsrl.com\/wp-content\/uploads\/2022\/02\/foto-dipendenti-768x576.jpg 768w, https:\/\/www.lctsrl.com\/wp-content\/uploads\/2022\/02\/foto-dipendenti-1536x1152.jpg 1536w, https:\/\/www.lctsrl.com\/wp-content\/uploads\/2022\/02\/foto-dipendenti-600x450.jpg 600w, https:\/\/www.lctsrl.com\/wp-content\/uploads\/2022\/02\/foto-dipendenti.jpg 1984w\" sizes=\"auto, (max-width: 1024px) 100vw, 1024px\" \/>\t\t\t\t\t\t\t\t\t\t\t\t\t\t\t<\/div>\r\n\t\t\t\t<\/div>\r\n\t\t\t\t\t<\/div>\r\n\t\t<\/div>\r\n\t\t\t\t\t\t\t<\/div>\r\n\t\t<\/section>\r\n\t\t\t\t\t\t<\/div>\r\n\t\t\t\t\t<\/div>\r\n\t\t","protected":false},"excerpt":{"rendered":"<p>LCT Transport de Marchandises Par Route &#8211; Le meilleur partenaire pour les services nationaux et internationaux de transport b\u00e2ch\u00e9 pour des tiers Entreprise de transport de marchandises par route Notre entreprise de transport de marchandises par route a \u00e9t\u00e9 fond\u00e9e en 2008 par l&#8217;exp\u00e9rience de la famille Forlivesi dans le but de fournir aux clients [&hellip;]<\/p>\n","protected":false},"author":1,"featured_media":0,"parent":0,"menu_order":0,"comment_status":"closed","ping_status":"closed","template":"","meta":{"footnotes":""},"class_list":["post-2868","page","type-page","status-publish","hentry"],"yoast_head":"<!-- This site is optimized with the Yoast SEO plugin v19.1 - https:\/\/yoast.com\/wordpress\/plugins\/seo\/ -->\n<title>Transport de Marchandises Par Route | Transports LCT Srl<\/title>\n<meta name=\"description\" content=\"Transport de Marchandises Par Route: LCT est le meilleur partenaire pour les services nationaux et internationaux.\" \/>\n<meta name=\"robots\" content=\"index, follow, max-snippet:-1, max-image-preview:large, max-video-preview:-1\" \/>\n<link rel=\"canonical\" href=\"https:\/\/www.lctsrl.com\/ro\/societatea\/\" \/>\n<meta property=\"og:locale\" content=\"fr_FR\" \/>\n<meta property=\"og:type\" content=\"article\" \/>\n<meta property=\"og:title\" content=\"Transport de Marchandises Par Route | Transports LCT Srl\" \/>\n<meta property=\"og:description\" content=\"Transport de Marchandises Par Route: LCT est le meilleur partenaire pour les services nationaux et internationaux.\" \/>\n<meta property=\"og:url\" content=\"https:\/\/www.lctsrl.com\/ro\/societatea\/\" \/>\n<meta property=\"og:site_name\" content=\"LCT\" \/>\n<meta property=\"article:modified_time\" content=\"2025-11-11T14:13:05+00:00\" \/>\n<meta property=\"og:image\" content=\"https:\/\/www.lctsrl.com\/wp-content\/uploads\/elementor\/thumbs\/foto-forlivesi-prlso6r14bj6s8xy4q1elclq8k4q17aifstb91r1zi.jpg\" \/>\n<meta name=\"twitter:card\" content=\"summary_large_image\" \/>\n<meta name=\"twitter:label1\" content=\"Dur\u00e9e de lecture estim\u00e9e\" \/>\n\t<meta name=\"twitter:data1\" content=\"2 minutes\" \/>\n<script type=\"application\/ld+json\" class=\"yoast-schema-graph\">{\"@context\":\"https:\/\/schema.org\",\"@graph\":[{\"@type\":\"Organization\",\"@id\":\"https:\/\/www.lctsrl.com\/#organization\",\"name\":\"LCT srl\",\"url\":\"https:\/\/www.lctsrl.com\/\",\"sameAs\":[],\"logo\":{\"@type\":\"ImageObject\",\"inLanguage\":\"fr-FR\",\"@id\":\"https:\/\/www.lctsrl.com\/#\/schema\/logo\/image\/\",\"url\":\"http:\/\/www.lctsrl.com\/wp-content\/uploads\/2022\/02\/logo_LCT.png\",\"contentUrl\":\"http:\/\/www.lctsrl.com\/wp-content\/uploads\/2022\/02\/logo_LCT.png\",\"width\":360,\"height\":247,\"caption\":\"LCT srl\"},\"image\":{\"@id\":\"https:\/\/www.lctsrl.com\/#\/schema\/logo\/image\/\"}},{\"@type\":\"WebSite\",\"@id\":\"https:\/\/www.lctsrl.com\/#website\",\"url\":\"https:\/\/www.lctsrl.com\/\",\"name\":\"LCT\",\"description\":\"Trasporti internazionali\",\"publisher\":{\"@id\":\"https:\/\/www.lctsrl.com\/#organization\"},\"potentialAction\":[{\"@type\":\"SearchAction\",\"target\":{\"@type\":\"EntryPoint\",\"urlTemplate\":\"https:\/\/www.lctsrl.com\/?s={search_term_string}\"},\"query-input\":\"required name=search_term_string\"}],\"inLanguage\":\"fr-FR\"},{\"@type\":\"ImageObject\",\"inLanguage\":\"fr-FR\",\"@id\":\"https:\/\/www.lctsrl.com\/ro\/societatea\/#primaryimage\",\"url\":\"https:\/\/www.lctsrl.com\/wp-content\/uploads\/elementor\/thumbs\/foto-forlivesi-prlso6r14bj6s8xy4q1elclq8k4q17aifstb91r1zi.jpg\",\"contentUrl\":\"https:\/\/www.lctsrl.com\/wp-content\/uploads\/elementor\/thumbs\/foto-forlivesi-prlso6r14bj6s8xy4q1elclq8k4q17aifstb91r1zi.jpg\"},{\"@type\":\"WebPage\",\"@id\":\"https:\/\/www.lctsrl.com\/ro\/societatea\/#webpage\",\"url\":\"https:\/\/www.lctsrl.com\/ro\/societatea\/\",\"name\":\"Transport de Marchandises Par Route | Transports LCT Srl\",\"isPartOf\":{\"@id\":\"https:\/\/www.lctsrl.com\/#website\"},\"primaryImageOfPage\":{\"@id\":\"https:\/\/www.lctsrl.com\/ro\/societatea\/#primaryimage\"},\"datePublished\":\"2021-06-16T13:52:40+00:00\",\"dateModified\":\"2025-11-11T14:13:05+00:00\",\"description\":\"Transport de Marchandises Par Route: LCT est le meilleur partenaire pour les services nationaux et internationaux.\",\"breadcrumb\":{\"@id\":\"https:\/\/www.lctsrl.com\/ro\/societatea\/#breadcrumb\"},\"inLanguage\":\"fr-FR\",\"potentialAction\":[{\"@type\":\"ReadAction\",\"target\":[\"https:\/\/www.lctsrl.com\/ro\/societatea\/\"]}]},{\"@type\":\"BreadcrumbList\",\"@id\":\"https:\/\/www.lctsrl.com\/ro\/societatea\/#breadcrumb\",\"itemListElement\":[{\"@type\":\"ListItem\",\"position\":1,\"name\":\"Home\",\"item\":\"https:\/\/www.lctsrl.com\/fr\/\"},{\"@type\":\"ListItem\",\"position\":2,\"name\":\"Enterprise\"}]}]}<\/script>\n<!-- \/ Yoast SEO plugin. -->","yoast_head_json":{"title":"Transport de Marchandises Par Route | Transports LCT Srl","description":"Transport de Marchandises Par Route: LCT est le meilleur partenaire pour les services nationaux et internationaux.","robots":{"index":"index","follow":"follow","max-snippet":"max-snippet:-1","max-image-preview":"max-image-preview:large","max-video-preview":"max-video-preview:-1"},"canonical":"https:\/\/www.lctsrl.com\/ro\/societatea\/","og_locale":"fr_FR","og_type":"article","og_title":"Transport de Marchandises Par Route | Transports LCT Srl","og_description":"Transport de Marchandises Par Route: LCT est le meilleur partenaire pour les services nationaux et internationaux.","og_url":"https:\/\/www.lctsrl.com\/ro\/societatea\/","og_site_name":"LCT","article_modified_time":"2025-11-11T14:13:05+00:00","og_image":[{"url":"https:\/\/www.lctsrl.com\/wp-content\/uploads\/elementor\/thumbs\/foto-forlivesi-prlso6r14bj6s8xy4q1elclq8k4q17aifstb91r1zi.jpg"}],"twitter_card":"summary_large_image","twitter_misc":{"Dur\u00e9e de lecture estim\u00e9e":"2 minutes"},"schema":{"@context":"https:\/\/schema.org","@graph":[{"@type":"Organization","@id":"https:\/\/www.lctsrl.com\/#organization","name":"LCT srl","url":"https:\/\/www.lctsrl.com\/","sameAs":[],"logo":{"@type":"ImageObject","inLanguage":"fr-FR","@id":"https:\/\/www.lctsrl.com\/#\/schema\/logo\/image\/","url":"http:\/\/www.lctsrl.com\/wp-content\/uploads\/2022\/02\/logo_LCT.png","contentUrl":"http:\/\/www.lctsrl.com\/wp-content\/uploads\/2022\/02\/logo_LCT.png","width":360,"height":247,"caption":"LCT srl"},"image":{"@id":"https:\/\/www.lctsrl.com\/#\/schema\/logo\/image\/"}},{"@type":"WebSite","@id":"https:\/\/www.lctsrl.com\/#website","url":"https:\/\/www.lctsrl.com\/","name":"LCT","description":"Trasporti internazionali","publisher":{"@id":"https:\/\/www.lctsrl.com\/#organization"},"potentialAction":[{"@type":"SearchAction","target":{"@type":"EntryPoint","urlTemplate":"https:\/\/www.lctsrl.com\/?s={search_term_string}"},"query-input":"required name=search_term_string"}],"inLanguage":"fr-FR"},{"@type":"ImageObject","inLanguage":"fr-FR","@id":"https:\/\/www.lctsrl.com\/ro\/societatea\/#primaryimage","url":"https:\/\/www.lctsrl.com\/wp-content\/uploads\/elementor\/thumbs\/foto-forlivesi-prlso6r14bj6s8xy4q1elclq8k4q17aifstb91r1zi.jpg","contentUrl":"https:\/\/www.lctsrl.com\/wp-content\/uploads\/elementor\/thumbs\/foto-forlivesi-prlso6r14bj6s8xy4q1elclq8k4q17aifstb91r1zi.jpg"},{"@type":"WebPage","@id":"https:\/\/www.lctsrl.com\/ro\/societatea\/#webpage","url":"https:\/\/www.lctsrl.com\/ro\/societatea\/","name":"Transport de Marchandises Par Route | Transports LCT Srl","isPartOf":{"@id":"https:\/\/www.lctsrl.com\/#website"},"primaryImageOfPage":{"@id":"https:\/\/www.lctsrl.com\/ro\/societatea\/#primaryimage"},"datePublished":"2021-06-16T13:52:40+00:00","dateModified":"2025-11-11T14:13:05+00:00","description":"Transport de Marchandises Par Route: LCT est le meilleur partenaire pour les services nationaux et internationaux.","breadcrumb":{"@id":"https:\/\/www.lctsrl.com\/ro\/societatea\/#breadcrumb"},"inLanguage":"fr-FR","potentialAction":[{"@type":"ReadAction","target":["https:\/\/www.lctsrl.com\/ro\/societatea\/"]}]},{"@type":"BreadcrumbList","@id":"https:\/\/www.lctsrl.com\/ro\/societatea\/#breadcrumb","itemListElement":[{"@type":"ListItem","position":1,"name":"Home","item":"https:\/\/www.lctsrl.com\/fr\/"},{"@type":"ListItem","position":2,"name":"Enterprise"}]}]}},"_links":{"self":[{"href":"https:\/\/www.lctsrl.com\/fr\/wp-json\/wp\/v2\/pages\/2868","targetHints":{"allow":["GET"]}}],"collection":[{"href":"https:\/\/www.lctsrl.com\/fr\/wp-json\/wp\/v2\/pages"}],"about":[{"href":"https:\/\/www.lctsrl.com\/fr\/wp-json\/wp\/v2\/types\/page"}],"author":[{"embeddable":true,"href":"https:\/\/www.lctsrl.com\/fr\/wp-json\/wp\/v2\/users\/1"}],"replies":[{"embeddable":true,"href":"https:\/\/www.lctsrl.com\/fr\/wp-json\/wp\/v2\/comments?post=2868"}],"version-history":[{"count":30,"href":"https:\/\/www.lctsrl.com\/fr\/wp-json\/wp\/v2\/pages\/2868\/revisions"}],"predecessor-version":[{"id":3338,"href":"https:\/\/www.lctsrl.com\/fr\/wp-json\/wp\/v2\/pages\/2868\/revisions\/3338"}],"wp:attachment":[{"href":"https:\/\/www.lctsrl.com\/fr\/wp-json\/wp\/v2\/media?parent=2868"}],"curies":[{"name":"wp","href":"https:\/\/api.w.org\/{rel}","templated":true}]}}